{"id":52583,"date":"2015-02-03T13:10:14","date_gmt":"2015-02-03T12:10:14","guid":{"rendered":"https:\/\/www.elisabethworldofart.com\/contacte-con\/"},"modified":"2024-04-11T13:29:12","modified_gmt":"2024-04-11T11:29:12","slug":"contacte-con","status":"publish","type":"page","link":"https:\/\/www.elisabethworldofart.com\/es\/contacte-con\/","title":{"rendered":"Contacte con"},"content":{"rendered":"<p>[vc_row row_type=&#8221;row&#8221; use_row_as_full_screen_section=&#8221;no&#8221; type=&#8221;grid&#8221; oblique_section=&#8221;no&#8221; text_align=&#8221;center&#8221; triangle_shape=&#8221;no&#8221; padding_top=&#8221;74&#8243; padding_bottom=&#8221;33&#8243; css_animation=&#8221;&#8221; box_shadow_on_row=&#8221;no&#8221;][vc_column width=&#8221;1\/3&#8243;][vc_separator type=&#8221;transparent&#8221; up=&#8221;20&#8243; down=&#8221;0&#8243;][vc_separator type=&#8221;transparent&#8221; up=&#8221;41&#8243; down=&#8221;0&#8243;][\/vc_column][vc_column width=&#8221;1\/3&#8243;][vc_column_text]<\/p>\n<h4 style=\"text-align: center;\">Contacte con<\/h4>\n<p>[\/vc_column_text][vc_separator type=&#8221;transparent&#8221; up=&#8221;20&#8243; down=&#8221;0&#8243;][vc_column_text]<\/p>\n<p style=\"text-align: center;\"><strong>Elisabeth Braun Arte<\/strong><\/p>\n<p style=\"text-align: center;\">4861 Sch\u00f6rfling am Attersee<\/p>\n<p>&nbsp;<\/p>\n<p style=\"text-align: center;\"><span style=\"color: #6c6965;\">Correo electr\u00f3nico: office@elisabethworldofart.com<\/span><\/p>\n<p style=\"text-align: center;\">Tel\u00e9fono: 06604999644<\/p>\n<p>[\/vc_column_text][vc_separator type=&#8221;transparent&#8221; up=&#8221;41&#8243; down=&#8221;0&#8243;][\/vc_column][vc_column width=&#8221;1\/3&#8243;][vc_separator type=&#8221;transparent&#8221; up=&#8221;20&#8243; down=&#8221;0&#8243;][vc_separator type=&#8221;transparent&#8221; up=&#8221;41&#8243; down=&#8221;0&#8243;][\/vc_column][\/vc_row][vc_row row_type=&#8221;row&#8221; use_row_as_full_screen_section=&#8221;no&#8221; type=&#8221;full_width&#8221; oblique_section=&#8221;no&#8221; text_align=&#8221;left&#8221; triangle_shape=&#8221;no&#8221; css_animation=&#8221;&#8221; box_shadow_on_row=&#8221;no&#8221;][vc_column][vc_separator type=&#8221;small&#8221; position=&#8221;center&#8221; border_style=&#8221;dotted&#8221; up=&#8221;0&#8243; down=&#8221;33&#8243;][vc_column_text]<\/p>\n<h4 style=\"text-align: center;\">Escr\u00edbeme un mensaje<\/h4>\n<p>[\/vc_column_text][vc_separator type=&#8221;transparent&#8221; up=&#8221;29&#8243; down=&#8221;0&#8243;][vc_column_text]<\/p>\n<h6 style=\"text-align: center;\">Espero sus noticias.<\/h6>\n<p>[\/vc_column_text][\/vc_column][\/vc_row][vc_row row_type=&#8221;row&#8221; use_row_as_full_screen_section=&#8221;no&#8221; type=&#8221;grid&#8221; oblique_section=&#8221;no&#8221; text_align=&#8221;center&#8221; triangle_shape=&#8221;no&#8221; padding_top=&#8221;69&#8243; padding_bottom=&#8221;83&#8243; css_animation=&#8221;&#8221; box_shadow_on_row=&#8221;no&#8221;][vc_column]\n<div class=\"wpcf7 no-js\" id=\"wpcf7-f53223-o1\" lang=\"es-ES\" dir=\"ltr\" data-wpcf7-id=\"53223\">\n<div class=\"screen-reader-response\"><p role=\"status\" aria-live=\"polite\" aria-atomic=\"true\"><\/p> <ul><\/ul><\/div>\n<form action=\"\/es\/wp-json\/wp\/v2\/pages\/52583#wpcf7-f53223-o1\" method=\"post\" class=\"wpcf7-form init cf7_custom_style_3\" aria-label=\"Formulario de contacto\" novalidate=\"novalidate\" data-status=\"init\">\n<fieldset class=\"hidden-fields-container\"><input type=\"hidden\" name=\"_wpcf7\" value=\"53223\" \/><input type=\"hidden\" name=\"_wpcf7_version\" value=\"6.1.5\" \/><input type=\"hidden\" name=\"_wpcf7_locale\" value=\"es_ES\" \/><input type=\"hidden\" name=\"_wpcf7_unit_tag\" value=\"wpcf7-f53223-o1\" \/><input type=\"hidden\" name=\"_wpcf7_container_post\" value=\"0\" \/><input type=\"hidden\" name=\"_wpcf7_posted_data_hash\" value=\"\" \/>\n<\/fieldset>\n<div class=\"three_columns clearfix\">\n\t<div class=\"column1\">\n\t\t<div class=\"column_inner\">\n\t\t\t<p><span class=\"wpcf7-form-control-wrap\" data-name=\"your-name\"><input size=\"40\" maxlength=\"400\" class=\"wpcf7-form-control wpcf7-text wpcf7-validates-as-required\" aria-required=\"true\" aria-invalid=\"false\" placeholder=\"Nombre\" value=\"\" type=\"text\" name=\"your-name\" \/><\/span>\n\t\t\t<\/p>\n\t\t<\/div>\n\t<\/div>\n\t<div class=\"column2\">\n\t\t<div class=\"column_inner\">\n\t\t\t<p><span class=\"wpcf7-form-control-wrap\" data-name=\"your-email\"><input size=\"40\" maxlength=\"400\" class=\"wpcf7-form-control wpcf7-email wpcf7-validates-as-required wpcf7-text wpcf7-validates-as-email\" aria-required=\"true\" aria-invalid=\"false\" placeholder=\"Correo electr\u00f3nico\" value=\"\" type=\"email\" name=\"your-email\" \/><\/span>\n\t\t\t<\/p>\n\t\t<\/div>\n\t<\/div>\n\t<p><span id=\"wpcf7-69e73c42ef5cb-wrapper\" class=\"wpcf7-form-control-wrap email-530-wrap\" ><input type=\"hidden\" name=\"email-530-time-start\" value=\"1776761922\"><input type=\"hidden\" name=\"email-530-time-check\" value=\"25\"><label for=\"wpcf7-69e73c42ef5cb-field\" class=\"hp-message\">Por favor, deja este campo vac\u00edo.<\/label><input id=\"wpcf7-69e73c42ef5cb-field\"  placeholder=\"website\"  class=\"wpcf7-form-control wpcf7-text\" type=\"text\" name=\"email-530\" value=\"\" size=\"40\" tabindex=\"-1\" autocomplete=\"new-password\" \/><\/span>\n\t<\/p>\n\t<div class=\"column3\">\n\t\t<div class=\"column_inner\">\n\t\t\t<p><span class=\"wpcf7-form-control-wrap\" data-name=\"telephone\"><input size=\"20\" maxlength=\"30\" class=\"wpcf7-form-control wpcf7-tel wpcf7-text wpcf7-validates-as-tel\" aria-invalid=\"false\" placeholder=\"Telefon\" value=\"\" type=\"tel\" name=\"telephone\" \/><\/span>\n\t\t\t<\/p>\n\t\t<\/div>\n\t<\/div>\n<\/div>\n<p><span class=\"wpcf7-form-control-wrap\" data-name=\"message\"><textarea cols=\"40\" rows=\"10\" maxlength=\"2000\" class=\"wpcf7-form-control wpcf7-textarea wpcf7-validates-as-required\" aria-required=\"true\" aria-invalid=\"false\" placeholder=\"Mensaje\" name=\"message\"><\/textarea><\/span>\n<\/p>\n<p><input class=\"wpcf7-form-control wpcf7-submit has-spinner\" type=\"submit\" value=\"Senden\" \/>\n<\/p><p style=\"display: none !important;\" class=\"akismet-fields-container\" data-prefix=\"_wpcf7_ak_\"><label>&#916;<textarea name=\"_wpcf7_ak_hp_textarea\" cols=\"45\" rows=\"8\" maxlength=\"100\"><\/textarea><\/label><input type=\"hidden\" id=\"ak_js_1\" name=\"_wpcf7_ak_js\" value=\"133\"\/><script>document.getElementById( \"ak_js_1\" ).setAttribute( \"value\", ( new Date() ).getTime() );<\/script><\/p><div class=\"wpcf7-response-output\" aria-hidden=\"true\"><\/div>\n<\/form>\n<\/div>\n[\/vc_column][\/vc_row]<\/p>\n","protected":false},"excerpt":{"rendered":"<p>[vc_row row_type=&#8221;row&#8221; use_row_as_full_screen_section=&#8221;no&#8221; type=&#8221;grid&#8221; oblique_section=&#8221;no&#8221; text_align=&#8221;center&#8221; triangle_shape=&#8221;no&#8221; padding_top=&#8221;74&#8243; padding_bottom=&#8221;33&#8243; css_animation=&#8221;&#8221; box_shadow_on_row=&#8221;no&#8221;][vc_column width=&#8221;1\/3&#8243;][vc_separator type=&#8221;transparent&#8221; up=&#8221;20&#8243; down=&#8221;0&#8243;][vc_separator type=&#8221;transparent&#8221; up=&#8221;41&#8243; down=&#8221;0&#8243;][\/vc_column][vc_column width=&#8221;1\/3&#8243;][vc_column_text] Contacte con [\/vc_column_text][vc_separator type=&#8221;transparent&#8221; up=&#8221;20&#8243; down=&#8221;0&#8243;][vc_column_text] Elisabeth Braun Arte 4861 Sch\u00f6rfling am Attersee &nbsp; Correo electr\u00f3nico: office@elisabethworldofart.com Tel\u00e9fono: 06604999644 [\/vc_column_text][vc_separator type=&#8221;transparent&#8221; up=&#8221;41&#8243; down=&#8221;0&#8243;][\/vc_column][vc_column width=&#8221;1\/3&#8243;][vc_separator type=&#8221;transparent&#8221; up=&#8221;20&#8243; down=&#8221;0&#8243;][vc_separator type=&#8221;transparent&#8221; up=&#8221;41&#8243; down=&#8221;0&#8243;][\/vc_column][\/vc_row][vc_row row_type=&#8221;row&#8221; use_row_as_full_screen_section=&#8221;no&#8221; type=&#8221;full_width&#8221; oblique_section=&#8221;no&#8221; text_align=&#8221;left&#8221; triangle_shape=&#8221;no&#8221; css_animation=&#8221;&#8221; box_shadow_on_row=&#8221;no&#8221;][vc_column][vc_separator type=&#8221;small&#8221; position=&#8221;center&#8221; border_style=&#8221;dotted&#8221; up=&#8221;0&#8243; down=&#8221;33&#8243;][vc_column_text] Escr\u00edbeme un mensaje [\/vc_column_text][vc_separator type=&#8221;transparent&#8221; up=&#8221;29&#8243; down=&#8221;0&#8243;][vc_column_text] Espero sus noticias. [\/vc_column_text][\/vc_column][\/vc_row][vc_row row_type=&#8221;row&#8221; use_row_as_full_screen_section=&#8221;no&#8221; type=&#8221;grid&#8221; oblique_section=&#8221;no&#8221; text_align=&#8221;center&#8221; triangle_shape=&#8221;no&#8221; padding_top=&#8221;69&#8243; padding_bottom=&#8221;83&#8243; css_animation=&#8221;&#8221; box_shadow_on_row=&#8221;no&#8221;][vc_column][\/vc_column][\/vc_row]<\/p>\n","protected":false},"author":1,"featured_media":0,"parent":0,"menu_order":0,"comment_status":"open","ping_status":"open","template":"full_width.php","meta":{"footnotes":""},"class_list":["post-52583","page","type-page","status-publish","hentry"],"yoast_head":"<!-- This site is optimized with the Yoast SEO plugin v27.4 - https:\/\/yoast.com\/product\/yoast-seo-wordpress\/ -->\n<title>Contacte con - Elisabeth Braun<\/title>\n<meta name=\"description\" content=\"Sissi Summer - Art. Pinturas. Obras de arte. Tienda. Pedagog\u00eda del juego. Caballos. II office@sissisummer.com II \u00a1Le esperamos!\" \/>\n<meta name=\"robots\" content=\"index, follow, max-snippet:-1, max-image-preview:large, max-video-preview:-1\" \/>\n<link rel=\"canonical\" href=\"https:\/\/www.elisabethworldofart.com\/es\/contacte-con\/\" \/>\n<meta property=\"og:locale\" content=\"es_ES\" \/>\n<meta property=\"og:type\" content=\"article\" \/>\n<meta property=\"og:title\" content=\"Contacte con - Elisabeth Braun\" \/>\n<meta property=\"og:description\" content=\"Sissi Summer - Art. Pinturas. Obras de arte. Tienda. Pedagog\u00eda del juego. Caballos. II office@sissisummer.com II \u00a1Le esperamos!\" \/>\n<meta property=\"og:url\" content=\"https:\/\/www.elisabethworldofart.com\/es\/contacte-con\/\" \/>\n<meta property=\"og:site_name\" content=\"Elisabeth Braun\" \/>\n<meta property=\"article:publisher\" content=\"https:\/\/www.facebook.com\/sissy.grun\" \/>\n<meta property=\"article:modified_time\" content=\"2024-04-11T11:29:12+00:00\" \/>\n<meta name=\"twitter:card\" content=\"summary_large_image\" \/>\n<meta name=\"twitter:label1\" content=\"Tiempo de lectura\" \/>\n\t<meta name=\"twitter:data1\" content=\"1 minuto\" \/>\n<script type=\"application\/ld+json\" class=\"yoast-schema-graph\">{\"@context\":\"https:\\\/\\\/schema.org\",\"@graph\":[{\"@type\":\"WebPage\",\"@id\":\"https:\\\/\\\/www.elisabethworldofart.com\\\/es\\\/contacte-con\\\/\",\"url\":\"https:\\\/\\\/www.elisabethworldofart.com\\\/es\\\/contacte-con\\\/\",\"name\":\"Contacte con - Elisabeth Braun\",\"isPartOf\":{\"@id\":\"https:\\\/\\\/www.elisabethworldofart.com\\\/es\\\/#website\"},\"datePublished\":\"2015-02-03T12:10:14+00:00\",\"dateModified\":\"2024-04-11T11:29:12+00:00\",\"description\":\"Sissi Summer - Art. Pinturas. Obras de arte. Tienda. Pedagog\u00eda del juego. Caballos. II office@sissisummer.com II \u00a1Le esperamos!\",\"breadcrumb\":{\"@id\":\"https:\\\/\\\/www.elisabethworldofart.com\\\/es\\\/contacte-con\\\/#breadcrumb\"},\"inLanguage\":\"es\",\"potentialAction\":[{\"@type\":\"ReadAction\",\"target\":[\"https:\\\/\\\/www.elisabethworldofart.com\\\/es\\\/contacte-con\\\/\"]}]},{\"@type\":\"BreadcrumbList\",\"@id\":\"https:\\\/\\\/www.elisabethworldofart.com\\\/es\\\/contacte-con\\\/#breadcrumb\",\"itemListElement\":[{\"@type\":\"ListItem\",\"position\":1,\"name\":\"Startseite\",\"item\":\"https:\\\/\\\/www.elisabethworldofart.com\\\/es\\\/inicio\\\/\"},{\"@type\":\"ListItem\",\"position\":2,\"name\":\"Contacte con\"}]},{\"@type\":\"WebSite\",\"@id\":\"https:\\\/\\\/www.elisabethworldofart.com\\\/es\\\/#website\",\"url\":\"https:\\\/\\\/www.elisabethworldofart.com\\\/es\\\/\",\"name\":\"Elisabeth Braun\",\"description\":\"ART &amp; more\",\"publisher\":{\"@id\":\"https:\\\/\\\/www.elisabethworldofart.com\\\/es\\\/#\\\/schema\\\/person\\\/a31f26f6405578faa582036423961e43\"},\"potentialAction\":[{\"@type\":\"SearchAction\",\"target\":{\"@type\":\"EntryPoint\",\"urlTemplate\":\"https:\\\/\\\/www.elisabethworldofart.com\\\/es\\\/?s={search_term_string}\"},\"query-input\":{\"@type\":\"PropertyValueSpecification\",\"valueRequired\":true,\"valueName\":\"search_term_string\"}}],\"inLanguage\":\"es\"},{\"@type\":[\"Person\",\"Organization\"],\"@id\":\"https:\\\/\\\/www.elisabethworldofart.com\\\/es\\\/#\\\/schema\\\/person\\\/a31f26f6405578faa582036423961e43\",\"name\":\"Elisabeth Braun\",\"image\":{\"@type\":\"ImageObject\",\"inLanguage\":\"es\",\"@id\":\"https:\\\/\\\/www.elisabethworldofart.com\\\/wp-content\\\/uploads\\\/2022\\\/12\\\/EBLogo588x190.png\",\"url\":\"https:\\\/\\\/www.elisabethworldofart.com\\\/wp-content\\\/uploads\\\/2022\\\/12\\\/EBLogo588x190.png\",\"contentUrl\":\"https:\\\/\\\/www.elisabethworldofart.com\\\/wp-content\\\/uploads\\\/2022\\\/12\\\/EBLogo588x190.png\",\"width\":588,\"height\":190,\"caption\":\"Elisabeth Braun\"},\"logo\":{\"@id\":\"https:\\\/\\\/www.elisabethworldofart.com\\\/wp-content\\\/uploads\\\/2022\\\/12\\\/EBLogo588x190.png\"},\"sameAs\":[\"https:\\\/\\\/www.elisabethworldofart.com\",\"https:\\\/\\\/www.facebook.com\\\/sissy.grun\"]}]}<\/script>\n<!-- \/ Yoast SEO plugin. -->","yoast_head_json":{"title":"Contacte con - Elisabeth Braun","description":"Sissi Summer - Art. Pinturas. Obras de arte. Tienda. Pedagog\u00eda del juego. Caballos. II office@sissisummer.com II \u00a1Le esperamos!","robots":{"index":"index","follow":"follow","max-snippet":"max-snippet:-1","max-image-preview":"max-image-preview:large","max-video-preview":"max-video-preview:-1"},"canonical":"https:\/\/www.elisabethworldofart.com\/es\/contacte-con\/","og_locale":"es_ES","og_type":"article","og_title":"Contacte con - Elisabeth Braun","og_description":"Sissi Summer - Art. Pinturas. Obras de arte. Tienda. Pedagog\u00eda del juego. Caballos. II office@sissisummer.com II \u00a1Le esperamos!","og_url":"https:\/\/www.elisabethworldofart.com\/es\/contacte-con\/","og_site_name":"Elisabeth Braun","article_publisher":"https:\/\/www.facebook.com\/sissy.grun","article_modified_time":"2024-04-11T11:29:12+00:00","twitter_card":"summary_large_image","twitter_misc":{"Tiempo de lectura":"1 minuto"},"schema":{"@context":"https:\/\/schema.org","@graph":[{"@type":"WebPage","@id":"https:\/\/www.elisabethworldofart.com\/es\/contacte-con\/","url":"https:\/\/www.elisabethworldofart.com\/es\/contacte-con\/","name":"Contacte con - Elisabeth Braun","isPartOf":{"@id":"https:\/\/www.elisabethworldofart.com\/es\/#website"},"datePublished":"2015-02-03T12:10:14+00:00","dateModified":"2024-04-11T11:29:12+00:00","description":"Sissi Summer - Art. Pinturas. Obras de arte. Tienda. Pedagog\u00eda del juego. Caballos. II office@sissisummer.com II \u00a1Le esperamos!","breadcrumb":{"@id":"https:\/\/www.elisabethworldofart.com\/es\/contacte-con\/#breadcrumb"},"inLanguage":"es","potentialAction":[{"@type":"ReadAction","target":["https:\/\/www.elisabethworldofart.com\/es\/contacte-con\/"]}]},{"@type":"BreadcrumbList","@id":"https:\/\/www.elisabethworldofart.com\/es\/contacte-con\/#breadcrumb","itemListElement":[{"@type":"ListItem","position":1,"name":"Startseite","item":"https:\/\/www.elisabethworldofart.com\/es\/inicio\/"},{"@type":"ListItem","position":2,"name":"Contacte con"}]},{"@type":"WebSite","@id":"https:\/\/www.elisabethworldofart.com\/es\/#website","url":"https:\/\/www.elisabethworldofart.com\/es\/","name":"Elisabeth Braun","description":"ART &amp; more","publisher":{"@id":"https:\/\/www.elisabethworldofart.com\/es\/#\/schema\/person\/a31f26f6405578faa582036423961e43"},"potentialAction":[{"@type":"SearchAction","target":{"@type":"EntryPoint","urlTemplate":"https:\/\/www.elisabethworldofart.com\/es\/?s={search_term_string}"},"query-input":{"@type":"PropertyValueSpecification","valueRequired":true,"valueName":"search_term_string"}}],"inLanguage":"es"},{"@type":["Person","Organization"],"@id":"https:\/\/www.elisabethworldofart.com\/es\/#\/schema\/person\/a31f26f6405578faa582036423961e43","name":"Elisabeth Braun","image":{"@type":"ImageObject","inLanguage":"es","@id":"https:\/\/www.elisabethworldofart.com\/wp-content\/uploads\/2022\/12\/EBLogo588x190.png","url":"https:\/\/www.elisabethworldofart.com\/wp-content\/uploads\/2022\/12\/EBLogo588x190.png","contentUrl":"https:\/\/www.elisabethworldofart.com\/wp-content\/uploads\/2022\/12\/EBLogo588x190.png","width":588,"height":190,"caption":"Elisabeth Braun"},"logo":{"@id":"https:\/\/www.elisabethworldofart.com\/wp-content\/uploads\/2022\/12\/EBLogo588x190.png"},"sameAs":["https:\/\/www.elisabethworldofart.com","https:\/\/www.facebook.com\/sissy.grun"]}]}},"_links":{"self":[{"href":"https:\/\/www.elisabethworldofart.com\/es\/wp-json\/wp\/v2\/pages\/52583","targetHints":{"allow":["GET"]}}],"collection":[{"href":"https:\/\/www.elisabethworldofart.com\/es\/wp-json\/wp\/v2\/pages"}],"about":[{"href":"https:\/\/www.elisabethworldofart.com\/es\/wp-json\/wp\/v2\/types\/page"}],"author":[{"embeddable":true,"href":"https:\/\/www.elisabethworldofart.com\/es\/wp-json\/wp\/v2\/users\/1"}],"replies":[{"embeddable":true,"href":"https:\/\/www.elisabethworldofart.com\/es\/wp-json\/wp\/v2\/comments?post=52583"}],"version-history":[{"count":12,"href":"https:\/\/www.elisabethworldofart.com\/es\/wp-json\/wp\/v2\/pages\/52583\/revisions"}],"predecessor-version":[{"id":54251,"href":"https:\/\/www.elisabethworldofart.com\/es\/wp-json\/wp\/v2\/pages\/52583\/revisions\/54251"}],"wp:attachment":[{"href":"https:\/\/www.elisabethworldofart.com\/es\/wp-json\/wp\/v2\/media?parent=52583"}],"curies":[{"name":"wp","href":"https:\/\/api.w.org\/{rel}","templated":true}]}}