{"id":52599,"date":"2022-02-28T13:28:47","date_gmt":"2022-02-28T12:28:47","guid":{"rendered":"https:\/\/www.elisabethworldofart.com\/pie-de-imprenta\/"},"modified":"2023-11-27T12:32:26","modified_gmt":"2023-11-27T11:32:26","slug":"pie-de-imprenta","status":"publish","type":"page","link":"https:\/\/www.elisabethworldofart.com\/es\/pie-de-imprenta\/","title":{"rendered":"Pie de imprenta"},"content":{"rendered":"<p>[vc_row row_type=&#8221;row&#8221; use_row_as_full_screen_section=&#8221;no&#8221; type=&#8221;full_width&#8221; oblique_section=&#8221;no&#8221; text_align=&#8221;left&#8221; triangle_shape=&#8221;no&#8221; css_animation=&#8221;&#8221; box_shadow_on_row=&#8221;no&#8221;][vc_column][vc_column_text css=&#8221;.vc_custom_1646051385709{padding-bottom: 25px !important;}&#8221;]<\/p>\n<h2>Pie de imprenta<\/h2>\n<p>Deber de informaci\u00f3n seg\u00fan el art\u00edculo 5 de la Ley de Comercio Electr\u00f3nico, el art\u00edculo 63 de la Ley de Regulaci\u00f3n del Comercio, el art\u00edculo 14 del C\u00f3digo de Empresa y el deber de divulgaci\u00f3n seg\u00fan el art\u00edculo 25 de la Ley de Medios de Comunicaci\u00f3n.<\/p>\n<p>Elisabeth Braun<\/p>\n<p>Avenida del Jubileo 12<br \/>\n4861 Sch\u00f6rfling<br \/>\nAustria<\/p>\n<p>Tel: +43\/660\/4999644<br \/>\nCorreo electr\u00f3nico: <a href=\"mailto:office%40sissisummer.com\">office@elisabethworldofart.com<\/a><\/p>\n<p>Objeto de la empresa:<br \/>\nN\u00ba UID: 53-123\/8095<\/p>\n<p>Datos bancarios:<br \/>\nAT31 1500 0008 6108 6304, Oberbank<\/p>\n<p>Afiliaciones a:<br \/>\nDerecho profesional:<\/p>\n<p>Autoridad de control\/autoridad comercial: Autoridad del distrito de V\u00f6cklabruck<br \/>\nT\u00edtulo del puesto:<br \/>\nEstado que concede las becas: Austria<\/p>\n<div id=\"dsgvotkg_informationspflichten\">\n<h4>Pol\u00edtica de privacidad<\/h4>\n<p>La protecci\u00f3n de sus datos personales nos preocupa especialmente. Por este motivo, procesamos sus datos exclusivamente sobre la base de las disposiciones legales (DSGVO, TKG 2003) y dentro del marco necesario. En esta informaci\u00f3n sobre protecci\u00f3n de datos, nos gustar\u00eda informarle sobre los aspectos m\u00e1s importantes del tratamiento de datos en el marco de nuestro sitio web.<\/p>\n<p>Cuando visita y accede a nuestro sitio web, su direcci\u00f3n IP, as\u00ed como el inicio y el final de la sesi\u00f3n, se registran durante el tiempo que dura esta sesi\u00f3n (marca de tiempo). Esto es por razones t\u00e9cnicas y por lo tanto constituye un inter\u00e9s leg\u00edtimo tal como se define en el Art. 6 (1) f DSGVO. Salvo que se disponga lo contrario a continuaci\u00f3n, estos datos no ser\u00e1n objeto de tratamiento posterior por nuestra parte.<\/p>\n<p>Si se pone en contacto con nosotros a trav\u00e9s del formulario del sitio web o por correo electr\u00f3nico, almacenaremos los datos que nos proporcione durante seis meses con el fin de procesar la consulta y en caso de preguntas de seguimiento. No transmitimos estos datos sin su consentimiento.<\/p>\n<\/div>\n<div id=\"datenspeicher_shops\">\n<h4>Almacenamiento de datos durante el proceso de compra y la tramitaci\u00f3n de contratos<\/h4>\n<p>Nos gustar\u00eda se\u00f1alar que, con el fin de simplificar el proceso de compra y para la posterior tramitaci\u00f3n del contrato, los datos IP del propietario de la conexi\u00f3n son almacenados por el operador de la tienda online en el marco de las cookies, al igual que el nombre, la direcci\u00f3n y el n\u00famero de tarjeta de cr\u00e9dito [&#8230;] del comprador.<\/p>\n<p>Los datos facilitados y transmitidos por usted son necesarios para la prestaci\u00f3n de servicios y el cumplimiento del contrato o para la aplicaci\u00f3n de medidas precontractuales. Los datos transmitidos no se transfieren a terceros, con la excepci\u00f3n de la transferencia de los datos de pago al banco procesador \/ proveedor de servicios de pago con el fin de cargar una compra o un servicio, a la empresa de transporte \/ empresa naviera encargada por nosotros para la entrega de las mercanc\u00edas y a nuestro asesor fiscal para el cumplimiento de nuestras obligaciones en virtud de la legislaci\u00f3n fiscal.<\/p>\n<p>Una vez cancelado el proceso de compra, se eliminar\u00e1n los datos almacenados por nosotros. En caso de que se celebre un contrato, todos los datos de la relaci\u00f3n contractual se conservar\u00e1n hasta que expire el plazo de conservaci\u00f3n previsto por la legislaci\u00f3n fiscal (7 a\u00f1os).<\/p>\n<p>Adem\u00e1s, los datos relativos al nombre, la direcci\u00f3n, los bienes adquiridos y la fecha de compra se almacenan hasta que expira la responsabilidad del producto (10 a\u00f1os). El tratamiento de datos se lleva a cabo sobre la base de las disposiciones legales del art\u00edculo 96, apartado 3 de la TKG, as\u00ed como del art\u00edculo 6, apartado 1, letra a (consentimiento) y\/o letra b (necesario para el cumplimiento del contrato) de la DSGVO.<\/p>\n<\/div>\n<div id=\"copyright\">\n<h4>Derechos de autor<\/h4>\n<p>Todos los contenidos de este sitio web, en particular textos, fotograf\u00edas y gr\u00e1ficos, est\u00e1n protegidos por derechos de autor y parcialmente autorizados. Salvo que se indique expresamente lo contrario, los derechos de autor pertenecen a la persona f\u00edsica o jur\u00eddica que figura en el pie de imprenta. Cons\u00faltenos si desea utilizar los contenidos de este sitio web de alguna manera.<\/p>\n<p>Cualquier persona que infrinja los derechos de autor (por ejemplo, copie im\u00e1genes o textos sin permiso) puede ser procesada en virtud de la Ley de Propiedad Intelectual. UrhG penado por la ley.<\/p>\n<\/div>\n<div id=\"ihre_rechte\">\n<h4>Sus derechos<\/h4>\n<p>Con respecto a sus datos almacenados por nosotros, en general tiene derecho a la informaci\u00f3n, rectificaci\u00f3n, supresi\u00f3n, restricci\u00f3n, portabilidad de datos, revocaci\u00f3n y oposici\u00f3n. Si cree que el tratamiento de sus datos infringe la ley de protecci\u00f3n de datos o que sus derechos de protecci\u00f3n de datos han sido vulnerados de alguna otra forma, puede presentar una reclamaci\u00f3n a la direcci\u00f3n de correo electr\u00f3nico arriba indicada o a su autoridad de protecci\u00f3n de datos.<\/p>\n<\/div>\n<div id=\"erstelltmit\">\n<p><small>Generado con el sencillo y gratuito <a href=\"https:\/\/idigit.onl\/\" target=\"_blank\" rel=\"noopener\">generador de pie de imprenta de idigIT e.U<\/a>.<\/small><\/p>\n<\/div>\n<p>[\/vc_column_text][\/vc_column][vc_column][\/vc_column][\/vc_row]<\/p>\n","protected":false},"excerpt":{"rendered":"<p>[vc_row row_type=&#8221;row&#8221; use_row_as_full_screen_section=&#8221;no&#8221; type=&#8221;full_width&#8221; oblique_section=&#8221;no&#8221; text_align=&#8221;left&#8221; triangle_shape=&#8221;no&#8221; css_animation=&#8221;&#8221; box_shadow_on_row=&#8221;no&#8221;][vc_column][vc_column_text css=&#8221;.vc_custom_1646051385709{padding-bottom: 25px !important;}&#8221;] Pie de imprenta Deber de informaci\u00f3n seg\u00fan el art\u00edculo 5 de la Ley de Comercio Electr\u00f3nico, el art\u00edculo 63 de la Ley de Regulaci\u00f3n del Comercio, el art\u00edculo 14 del C\u00f3digo de Empresa y el deber de divulgaci\u00f3n seg\u00fan el art\u00edculo 25 de la Ley de Medios de Comunicaci\u00f3n. Elisabeth Braun Avenida del Jubileo 12 4861 Sch\u00f6rfling Austria Tel: +43\/660\/4999644 Correo electr\u00f3nico: office@elisabethworldofart.com Objeto de la empresa: N\u00ba UID: 53-123\/8095 Datos bancarios: AT31 1500 0008 6108 6304, Oberbank Afiliaciones a: Derecho profesional: Autoridad de control\/autoridad comercial: Autoridad del&#8230;<\/p>\n","protected":false},"author":1,"featured_media":0,"parent":0,"menu_order":0,"comment_status":"closed","ping_status":"open","template":"","meta":{"footnotes":""},"class_list":["post-52599","page","type-page","status-publish","hentry"],"yoast_head":"<!-- This site is optimized with the Yoast SEO plugin v27.6 - https:\/\/yoast.com\/product\/yoast-seo-wordpress\/ -->\n<title>Pie de imprenta - Elisabeth Braun<\/title>\n<meta name=\"robots\" content=\"index, follow, max-snippet:-1, max-image-preview:large, max-video-preview:-1\" \/>\n<link rel=\"canonical\" href=\"https:\/\/www.elisabethworldofart.com\/es\/pie-de-imprenta\/\" \/>\n<meta property=\"og:locale\" content=\"es_ES\" \/>\n<meta property=\"og:type\" content=\"article\" \/>\n<meta property=\"og:title\" content=\"Pie de imprenta - Elisabeth Braun\" \/>\n<meta property=\"og:description\" content=\"[vc_row row_type=&#8221;row&#8221; use_row_as_full_screen_section=&#8221;no&#8221; type=&#8221;full_width&#8221; oblique_section=&#8221;no&#8221; text_align=&#8221;left&#8221; triangle_shape=&#8221;no&#8221; css_animation=&#8221;&#8221; box_shadow_on_row=&#8221;no&#8221;][vc_column][vc_column_text css=&#8221;.vc_custom_1646051385709{padding-bottom: 25px !important;}&#8221;] Pie de imprenta Deber de informaci\u00f3n seg\u00fan el art\u00edculo 5 de la Ley de Comercio Electr\u00f3nico, el art\u00edculo 63 de la Ley de Regulaci\u00f3n del Comercio, el art\u00edculo 14 del C\u00f3digo de Empresa y el deber de divulgaci\u00f3n seg\u00fan el art\u00edculo 25 de la Ley de Medios de Comunicaci\u00f3n. Elisabeth Braun Avenida del Jubileo 12 4861 Sch\u00f6rfling Austria Tel: +43\/660\/4999644 Correo electr\u00f3nico: office@elisabethworldofart.com Objeto de la empresa: N\u00ba UID: 53-123\/8095 Datos bancarios: AT31 1500 0008 6108 6304, Oberbank Afiliaciones a: Derecho profesional: Autoridad de control\/autoridad comercial: Autoridad del...\" \/>\n<meta property=\"og:url\" content=\"https:\/\/www.elisabethworldofart.com\/es\/pie-de-imprenta\/\" \/>\n<meta property=\"og:site_name\" content=\"Elisabeth Braun\" \/>\n<meta property=\"article:publisher\" content=\"https:\/\/www.facebook.com\/sissy.grun\" \/>\n<meta property=\"article:modified_time\" content=\"2023-11-27T11:32:26+00:00\" \/>\n<meta name=\"twitter:card\" content=\"summary_large_image\" \/>\n<meta name=\"twitter:label1\" content=\"Tiempo de lectura\" \/>\n\t<meta name=\"twitter:data1\" content=\"4 minutos\" \/>\n<script type=\"application\/ld+json\" class=\"yoast-schema-graph\">{\"@context\":\"https:\\\/\\\/schema.org\",\"@graph\":[{\"@type\":\"WebPage\",\"@id\":\"https:\\\/\\\/www.elisabethworldofart.com\\\/es\\\/pie-de-imprenta\\\/\",\"url\":\"https:\\\/\\\/www.elisabethworldofart.com\\\/es\\\/pie-de-imprenta\\\/\",\"name\":\"Pie de imprenta - Elisabeth Braun\",\"isPartOf\":{\"@id\":\"https:\\\/\\\/www.elisabethworldofart.com\\\/es\\\/#website\"},\"datePublished\":\"2022-02-28T12:28:47+00:00\",\"dateModified\":\"2023-11-27T11:32:26+00:00\",\"breadcrumb\":{\"@id\":\"https:\\\/\\\/www.elisabethworldofart.com\\\/es\\\/pie-de-imprenta\\\/#breadcrumb\"},\"inLanguage\":\"es\",\"potentialAction\":[{\"@type\":\"ReadAction\",\"target\":[\"https:\\\/\\\/www.elisabethworldofart.com\\\/es\\\/pie-de-imprenta\\\/\"]}]},{\"@type\":\"BreadcrumbList\",\"@id\":\"https:\\\/\\\/www.elisabethworldofart.com\\\/es\\\/pie-de-imprenta\\\/#breadcrumb\",\"itemListElement\":[{\"@type\":\"ListItem\",\"position\":1,\"name\":\"Startseite\",\"item\":\"https:\\\/\\\/www.elisabethworldofart.com\\\/es\\\/inicio\\\/\"},{\"@type\":\"ListItem\",\"position\":2,\"name\":\"Pie de imprenta\"}]},{\"@type\":\"WebSite\",\"@id\":\"https:\\\/\\\/www.elisabethworldofart.com\\\/es\\\/#website\",\"url\":\"https:\\\/\\\/www.elisabethworldofart.com\\\/es\\\/\",\"name\":\"Elisabeth Braun\",\"description\":\"ART &amp; more\",\"publisher\":{\"@id\":\"https:\\\/\\\/www.elisabethworldofart.com\\\/es\\\/#\\\/schema\\\/person\\\/a31f26f6405578faa582036423961e43\"},\"potentialAction\":[{\"@type\":\"SearchAction\",\"target\":{\"@type\":\"EntryPoint\",\"urlTemplate\":\"https:\\\/\\\/www.elisabethworldofart.com\\\/es\\\/?s={search_term_string}\"},\"query-input\":{\"@type\":\"PropertyValueSpecification\",\"valueRequired\":true,\"valueName\":\"search_term_string\"}}],\"inLanguage\":\"es\"},{\"@type\":[\"Person\",\"Organization\"],\"@id\":\"https:\\\/\\\/www.elisabethworldofart.com\\\/es\\\/#\\\/schema\\\/person\\\/a31f26f6405578faa582036423961e43\",\"name\":\"Elisabeth Braun\",\"image\":{\"@type\":\"ImageObject\",\"inLanguage\":\"es\",\"@id\":\"https:\\\/\\\/www.elisabethworldofart.com\\\/wp-content\\\/uploads\\\/2022\\\/12\\\/EBLogo588x190.png\",\"url\":\"https:\\\/\\\/www.elisabethworldofart.com\\\/wp-content\\\/uploads\\\/2022\\\/12\\\/EBLogo588x190.png\",\"contentUrl\":\"https:\\\/\\\/www.elisabethworldofart.com\\\/wp-content\\\/uploads\\\/2022\\\/12\\\/EBLogo588x190.png\",\"width\":588,\"height\":190,\"caption\":\"Elisabeth Braun\"},\"logo\":{\"@id\":\"https:\\\/\\\/www.elisabethworldofart.com\\\/wp-content\\\/uploads\\\/2022\\\/12\\\/EBLogo588x190.png\"},\"sameAs\":[\"https:\\\/\\\/www.elisabethworldofart.com\",\"https:\\\/\\\/www.facebook.com\\\/sissy.grun\"]}]}<\/script>\n<!-- \/ Yoast SEO plugin. -->","yoast_head_json":{"title":"Pie de imprenta - Elisabeth Braun","robots":{"index":"index","follow":"follow","max-snippet":"max-snippet:-1","max-image-preview":"max-image-preview:large","max-video-preview":"max-video-preview:-1"},"canonical":"https:\/\/www.elisabethworldofart.com\/es\/pie-de-imprenta\/","og_locale":"es_ES","og_type":"article","og_title":"Pie de imprenta - Elisabeth Braun","og_description":"[vc_row row_type=&#8221;row&#8221; use_row_as_full_screen_section=&#8221;no&#8221; type=&#8221;full_width&#8221; oblique_section=&#8221;no&#8221; text_align=&#8221;left&#8221; triangle_shape=&#8221;no&#8221; css_animation=&#8221;&#8221; box_shadow_on_row=&#8221;no&#8221;][vc_column][vc_column_text css=&#8221;.vc_custom_1646051385709{padding-bottom: 25px !important;}&#8221;] Pie de imprenta Deber de informaci\u00f3n seg\u00fan el art\u00edculo 5 de la Ley de Comercio Electr\u00f3nico, el art\u00edculo 63 de la Ley de Regulaci\u00f3n del Comercio, el art\u00edculo 14 del C\u00f3digo de Empresa y el deber de divulgaci\u00f3n seg\u00fan el art\u00edculo 25 de la Ley de Medios de Comunicaci\u00f3n. Elisabeth Braun Avenida del Jubileo 12 4861 Sch\u00f6rfling Austria Tel: +43\/660\/4999644 Correo electr\u00f3nico: office@elisabethworldofart.com Objeto de la empresa: N\u00ba UID: 53-123\/8095 Datos bancarios: AT31 1500 0008 6108 6304, Oberbank Afiliaciones a: Derecho profesional: Autoridad de control\/autoridad comercial: Autoridad del...","og_url":"https:\/\/www.elisabethworldofart.com\/es\/pie-de-imprenta\/","og_site_name":"Elisabeth Braun","article_publisher":"https:\/\/www.facebook.com\/sissy.grun","article_modified_time":"2023-11-27T11:32:26+00:00","twitter_card":"summary_large_image","twitter_misc":{"Tiempo de lectura":"4 minutos"},"schema":{"@context":"https:\/\/schema.org","@graph":[{"@type":"WebPage","@id":"https:\/\/www.elisabethworldofart.com\/es\/pie-de-imprenta\/","url":"https:\/\/www.elisabethworldofart.com\/es\/pie-de-imprenta\/","name":"Pie de imprenta - Elisabeth Braun","isPartOf":{"@id":"https:\/\/www.elisabethworldofart.com\/es\/#website"},"datePublished":"2022-02-28T12:28:47+00:00","dateModified":"2023-11-27T11:32:26+00:00","breadcrumb":{"@id":"https:\/\/www.elisabethworldofart.com\/es\/pie-de-imprenta\/#breadcrumb"},"inLanguage":"es","potentialAction":[{"@type":"ReadAction","target":["https:\/\/www.elisabethworldofart.com\/es\/pie-de-imprenta\/"]}]},{"@type":"BreadcrumbList","@id":"https:\/\/www.elisabethworldofart.com\/es\/pie-de-imprenta\/#breadcrumb","itemListElement":[{"@type":"ListItem","position":1,"name":"Startseite","item":"https:\/\/www.elisabethworldofart.com\/es\/inicio\/"},{"@type":"ListItem","position":2,"name":"Pie de imprenta"}]},{"@type":"WebSite","@id":"https:\/\/www.elisabethworldofart.com\/es\/#website","url":"https:\/\/www.elisabethworldofart.com\/es\/","name":"Elisabeth Braun","description":"ART &amp; more","publisher":{"@id":"https:\/\/www.elisabethworldofart.com\/es\/#\/schema\/person\/a31f26f6405578faa582036423961e43"},"potentialAction":[{"@type":"SearchAction","target":{"@type":"EntryPoint","urlTemplate":"https:\/\/www.elisabethworldofart.com\/es\/?s={search_term_string}"},"query-input":{"@type":"PropertyValueSpecification","valueRequired":true,"valueName":"search_term_string"}}],"inLanguage":"es"},{"@type":["Person","Organization"],"@id":"https:\/\/www.elisabethworldofart.com\/es\/#\/schema\/person\/a31f26f6405578faa582036423961e43","name":"Elisabeth Braun","image":{"@type":"ImageObject","inLanguage":"es","@id":"https:\/\/www.elisabethworldofart.com\/wp-content\/uploads\/2022\/12\/EBLogo588x190.png","url":"https:\/\/www.elisabethworldofart.com\/wp-content\/uploads\/2022\/12\/EBLogo588x190.png","contentUrl":"https:\/\/www.elisabethworldofart.com\/wp-content\/uploads\/2022\/12\/EBLogo588x190.png","width":588,"height":190,"caption":"Elisabeth Braun"},"logo":{"@id":"https:\/\/www.elisabethworldofart.com\/wp-content\/uploads\/2022\/12\/EBLogo588x190.png"},"sameAs":["https:\/\/www.elisabethworldofart.com","https:\/\/www.facebook.com\/sissy.grun"]}]}},"_links":{"self":[{"href":"https:\/\/www.elisabethworldofart.com\/es\/wp-json\/wp\/v2\/pages\/52599","targetHints":{"allow":["GET"]}}],"collection":[{"href":"https:\/\/www.elisabethworldofart.com\/es\/wp-json\/wp\/v2\/pages"}],"about":[{"href":"https:\/\/www.elisabethworldofart.com\/es\/wp-json\/wp\/v2\/types\/page"}],"author":[{"embeddable":true,"href":"https:\/\/www.elisabethworldofart.com\/es\/wp-json\/wp\/v2\/users\/1"}],"replies":[{"embeddable":true,"href":"https:\/\/www.elisabethworldofart.com\/es\/wp-json\/wp\/v2\/comments?post=52599"}],"version-history":[{"count":11,"href":"https:\/\/www.elisabethworldofart.com\/es\/wp-json\/wp\/v2\/pages\/52599\/revisions"}],"predecessor-version":[{"id":53794,"href":"https:\/\/www.elisabethworldofart.com\/es\/wp-json\/wp\/v2\/pages\/52599\/revisions\/53794"}],"wp:attachment":[{"href":"https:\/\/www.elisabethworldofart.com\/es\/wp-json\/wp\/v2\/media?parent=52599"}],"curies":[{"name":"wp","href":"https:\/\/api.w.org\/{rel}","templated":true}]}}