{"id":53382,"date":"2023-10-24T10:52:48","date_gmt":"2023-10-24T08:52:48","guid":{"rendered":"https:\/\/www.elisabethworldofart.com\/envio-y-entrega\/"},"modified":"2023-11-27T13:02:13","modified_gmt":"2023-11-27T12:02:13","slug":"envio-y-entrega","status":"publish","type":"page","link":"https:\/\/www.elisabethworldofart.com\/es\/envio-y-entrega\/","title":{"rendered":"Env\u00edo y entrega"},"content":{"rendered":"<p><strong>Precios, gastos de env\u00edo e informaci\u00f3n sobre la entrega<\/strong><\/p>\n<p>Los precios indicados en las p\u00e1ginas de productos incluyen el impuesto sobre el valor a\u00f1adido legal y otros componentes del precio.<\/p>\n","protected":false},"excerpt":{"rendered":"<p>Precios, gastos de env\u00edo e informaci\u00f3n sobre la entrega Los precios indicados en las p\u00e1ginas de productos incluyen el impuesto sobre el valor a\u00f1adido legal y otros componentes del precio.<\/p>\n","protected":false},"author":2,"featured_media":0,"parent":0,"menu_order":0,"comment_status":"closed","ping_status":"closed","template":"","meta":{"footnotes":""},"class_list":["post-53382","page","type-page","status-publish","hentry"],"yoast_head":"<!-- This site is optimized with the Yoast SEO plugin v27.6 - https:\/\/yoast.com\/product\/yoast-seo-wordpress\/ -->\n<title>Env\u00edo y entrega - Elisabeth Braun<\/title>\n<meta name=\"robots\" content=\"index, follow, max-snippet:-1, max-image-preview:large, max-video-preview:-1\" \/>\n<link rel=\"canonical\" href=\"https:\/\/www.elisabethworldofart.com\/es\/envio-y-entrega\/\" \/>\n<meta property=\"og:locale\" content=\"es_ES\" \/>\n<meta property=\"og:type\" content=\"article\" \/>\n<meta property=\"og:title\" content=\"Env\u00edo y entrega - Elisabeth Braun\" \/>\n<meta property=\"og:description\" content=\"Precios, gastos de env\u00edo e informaci\u00f3n sobre la entrega Los precios indicados en las p\u00e1ginas de productos incluyen el impuesto sobre el valor a\u00f1adido legal y otros componentes del precio.\" \/>\n<meta property=\"og:url\" content=\"https:\/\/www.elisabethworldofart.com\/es\/envio-y-entrega\/\" \/>\n<meta property=\"og:site_name\" content=\"Elisabeth Braun\" \/>\n<meta property=\"article:publisher\" content=\"https:\/\/www.facebook.com\/sissy.grun\" \/>\n<meta property=\"article:modified_time\" content=\"2023-11-27T12:02:13+00:00\" \/>\n<meta name=\"twitter:card\" content=\"summary_large_image\" \/>\n<script type=\"application\/ld+json\" class=\"yoast-schema-graph\">{\"@context\":\"https:\\\/\\\/schema.org\",\"@graph\":[{\"@type\":\"WebPage\",\"@id\":\"https:\\\/\\\/www.elisabethworldofart.com\\\/es\\\/envio-y-entrega\\\/\",\"url\":\"https:\\\/\\\/www.elisabethworldofart.com\\\/es\\\/envio-y-entrega\\\/\",\"name\":\"Env\u00edo y entrega - Elisabeth Braun\",\"isPartOf\":{\"@id\":\"https:\\\/\\\/www.elisabethworldofart.com\\\/es\\\/#website\"},\"datePublished\":\"2023-10-24T08:52:48+00:00\",\"dateModified\":\"2023-11-27T12:02:13+00:00\",\"breadcrumb\":{\"@id\":\"https:\\\/\\\/www.elisabethworldofart.com\\\/es\\\/envio-y-entrega\\\/#breadcrumb\"},\"inLanguage\":\"es\",\"potentialAction\":[{\"@type\":\"ReadAction\",\"target\":[\"https:\\\/\\\/www.elisabethworldofart.com\\\/es\\\/envio-y-entrega\\\/\"]}]},{\"@type\":\"BreadcrumbList\",\"@id\":\"https:\\\/\\\/www.elisabethworldofart.com\\\/es\\\/envio-y-entrega\\\/#breadcrumb\",\"itemListElement\":[{\"@type\":\"ListItem\",\"position\":1,\"name\":\"Startseite\",\"item\":\"https:\\\/\\\/www.elisabethworldofart.com\\\/es\\\/inicio\\\/\"},{\"@type\":\"ListItem\",\"position\":2,\"name\":\"Env\u00edo y entrega\"}]},{\"@type\":\"WebSite\",\"@id\":\"https:\\\/\\\/www.elisabethworldofart.com\\\/es\\\/#website\",\"url\":\"https:\\\/\\\/www.elisabethworldofart.com\\\/es\\\/\",\"name\":\"Elisabeth Braun\",\"description\":\"ART &amp; more\",\"publisher\":{\"@id\":\"https:\\\/\\\/www.elisabethworldofart.com\\\/es\\\/#\\\/schema\\\/person\\\/a31f26f6405578faa582036423961e43\"},\"potentialAction\":[{\"@type\":\"SearchAction\",\"target\":{\"@type\":\"EntryPoint\",\"urlTemplate\":\"https:\\\/\\\/www.elisabethworldofart.com\\\/es\\\/?s={search_term_string}\"},\"query-input\":{\"@type\":\"PropertyValueSpecification\",\"valueRequired\":true,\"valueName\":\"search_term_string\"}}],\"inLanguage\":\"es\"},{\"@type\":[\"Person\",\"Organization\"],\"@id\":\"https:\\\/\\\/www.elisabethworldofart.com\\\/es\\\/#\\\/schema\\\/person\\\/a31f26f6405578faa582036423961e43\",\"name\":\"Elisabeth Braun\",\"image\":{\"@type\":\"ImageObject\",\"inLanguage\":\"es\",\"@id\":\"https:\\\/\\\/www.elisabethworldofart.com\\\/wp-content\\\/uploads\\\/2022\\\/12\\\/EBLogo588x190.png\",\"url\":\"https:\\\/\\\/www.elisabethworldofart.com\\\/wp-content\\\/uploads\\\/2022\\\/12\\\/EBLogo588x190.png\",\"contentUrl\":\"https:\\\/\\\/www.elisabethworldofart.com\\\/wp-content\\\/uploads\\\/2022\\\/12\\\/EBLogo588x190.png\",\"width\":588,\"height\":190,\"caption\":\"Elisabeth Braun\"},\"logo\":{\"@id\":\"https:\\\/\\\/www.elisabethworldofart.com\\\/wp-content\\\/uploads\\\/2022\\\/12\\\/EBLogo588x190.png\"},\"sameAs\":[\"https:\\\/\\\/www.elisabethworldofart.com\",\"https:\\\/\\\/www.facebook.com\\\/sissy.grun\"]}]}<\/script>\n<!-- \/ Yoast SEO plugin. -->","yoast_head_json":{"title":"Env\u00edo y entrega - Elisabeth Braun","robots":{"index":"index","follow":"follow","max-snippet":"max-snippet:-1","max-image-preview":"max-image-preview:large","max-video-preview":"max-video-preview:-1"},"canonical":"https:\/\/www.elisabethworldofart.com\/es\/envio-y-entrega\/","og_locale":"es_ES","og_type":"article","og_title":"Env\u00edo y entrega - Elisabeth Braun","og_description":"Precios, gastos de env\u00edo e informaci\u00f3n sobre la entrega Los precios indicados en las p\u00e1ginas de productos incluyen el impuesto sobre el valor a\u00f1adido legal y otros componentes del precio.","og_url":"https:\/\/www.elisabethworldofart.com\/es\/envio-y-entrega\/","og_site_name":"Elisabeth Braun","article_publisher":"https:\/\/www.facebook.com\/sissy.grun","article_modified_time":"2023-11-27T12:02:13+00:00","twitter_card":"summary_large_image","schema":{"@context":"https:\/\/schema.org","@graph":[{"@type":"WebPage","@id":"https:\/\/www.elisabethworldofart.com\/es\/envio-y-entrega\/","url":"https:\/\/www.elisabethworldofart.com\/es\/envio-y-entrega\/","name":"Env\u00edo y entrega - Elisabeth Braun","isPartOf":{"@id":"https:\/\/www.elisabethworldofart.com\/es\/#website"},"datePublished":"2023-10-24T08:52:48+00:00","dateModified":"2023-11-27T12:02:13+00:00","breadcrumb":{"@id":"https:\/\/www.elisabethworldofart.com\/es\/envio-y-entrega\/#breadcrumb"},"inLanguage":"es","potentialAction":[{"@type":"ReadAction","target":["https:\/\/www.elisabethworldofart.com\/es\/envio-y-entrega\/"]}]},{"@type":"BreadcrumbList","@id":"https:\/\/www.elisabethworldofart.com\/es\/envio-y-entrega\/#breadcrumb","itemListElement":[{"@type":"ListItem","position":1,"name":"Startseite","item":"https:\/\/www.elisabethworldofart.com\/es\/inicio\/"},{"@type":"ListItem","position":2,"name":"Env\u00edo y entrega"}]},{"@type":"WebSite","@id":"https:\/\/www.elisabethworldofart.com\/es\/#website","url":"https:\/\/www.elisabethworldofart.com\/es\/","name":"Elisabeth Braun","description":"ART &amp; more","publisher":{"@id":"https:\/\/www.elisabethworldofart.com\/es\/#\/schema\/person\/a31f26f6405578faa582036423961e43"},"potentialAction":[{"@type":"SearchAction","target":{"@type":"EntryPoint","urlTemplate":"https:\/\/www.elisabethworldofart.com\/es\/?s={search_term_string}"},"query-input":{"@type":"PropertyValueSpecification","valueRequired":true,"valueName":"search_term_string"}}],"inLanguage":"es"},{"@type":["Person","Organization"],"@id":"https:\/\/www.elisabethworldofart.com\/es\/#\/schema\/person\/a31f26f6405578faa582036423961e43","name":"Elisabeth Braun","image":{"@type":"ImageObject","inLanguage":"es","@id":"https:\/\/www.elisabethworldofart.com\/wp-content\/uploads\/2022\/12\/EBLogo588x190.png","url":"https:\/\/www.elisabethworldofart.com\/wp-content\/uploads\/2022\/12\/EBLogo588x190.png","contentUrl":"https:\/\/www.elisabethworldofart.com\/wp-content\/uploads\/2022\/12\/EBLogo588x190.png","width":588,"height":190,"caption":"Elisabeth Braun"},"logo":{"@id":"https:\/\/www.elisabethworldofart.com\/wp-content\/uploads\/2022\/12\/EBLogo588x190.png"},"sameAs":["https:\/\/www.elisabethworldofart.com","https:\/\/www.facebook.com\/sissy.grun"]}]}},"_links":{"self":[{"href":"https:\/\/www.elisabethworldofart.com\/es\/wp-json\/wp\/v2\/pages\/53382","targetHints":{"allow":["GET"]}}],"collection":[{"href":"https:\/\/www.elisabethworldofart.com\/es\/wp-json\/wp\/v2\/pages"}],"about":[{"href":"https:\/\/www.elisabethworldofart.com\/es\/wp-json\/wp\/v2\/types\/page"}],"author":[{"embeddable":true,"href":"https:\/\/www.elisabethworldofart.com\/es\/wp-json\/wp\/v2\/users\/2"}],"replies":[{"embeddable":true,"href":"https:\/\/www.elisabethworldofart.com\/es\/wp-json\/wp\/v2\/comments?post=53382"}],"version-history":[{"count":2,"href":"https:\/\/www.elisabethworldofart.com\/es\/wp-json\/wp\/v2\/pages\/53382\/revisions"}],"predecessor-version":[{"id":53810,"href":"https:\/\/www.elisabethworldofart.com\/es\/wp-json\/wp\/v2\/pages\/53382\/revisions\/53810"}],"wp:attachment":[{"href":"https:\/\/www.elisabethworldofart.com\/es\/wp-json\/wp\/v2\/media?parent=53382"}],"curies":[{"name":"wp","href":"https:\/\/api.w.org\/{rel}","templated":true}]}}