{"id":53773,"date":"2023-10-24T10:52:50","date_gmt":"2023-10-24T08:52:50","guid":{"rendered":"https:\/\/www.elisabethworldofart.com\/proteccion-de-datos\/"},"modified":"2024-05-08T14:40:03","modified_gmt":"2024-05-08T12:40:03","slug":"proteccion-de-datos","status":"publish","type":"page","link":"https:\/\/www.elisabethworldofart.com\/es\/proteccion-de-datos\/","title":{"rendered":"Protecci\u00f3n de datos"},"content":{"rendered":"<h2><\/h2>\n<h2>INFORMACI\u00d3N<\/h2>\n<p>En esta p\u00e1gina le informamos sobre el tratamiento de sus datos personales.<\/p>\n<h2>M\u00c1S RESPONSABLE<\/h2>\n<p>Somos responsables del tratamiento de sus datos personales en nuestro sitio web:<\/p>\n<p>Elisabeth Braun &#8211; Elisasbeth Mundo del Arte<br \/>\nAvenida del Jubileo 12<br \/>\n4861 Sch\u00f6rfling<br \/>\nAustria<br \/>\nTel\u00e9fono: +43 660 \/ 499 96 44<br \/>\nCorreo electr\u00f3nico: office@elisabethworldofart.com<\/p>\n<h2>HERRAMIENTA DE GESTI\u00d3N DEL CONSENTIMIENTO<\/h2>\n<h3>LEGALWEB.IO<\/h3>\n<p>En nuestro sitio web utilizamos la herramienta de gesti\u00f3n del consentimiento de <a href=\"https:\/\/legalweb.io\/\">LEGALWEB.IO<\/a>, legalweb GmbH, F\u00fcrbergstra\u00dfe 42a, 5020 Salzburg, Austria. Esta herramienta coloca una cookie en su dispositivo final para almacenar los servicios que ha seleccionado o no. A esta cookie no se le asigna una identificaci\u00f3n relacionada con el usuario y no almacena ning\u00fan otro dato personal. El contenido se almacena durante un m\u00e1ximo de 1095 d\u00edas y luego se elimina autom\u00e1ticamente.<\/p>\n<p>La base jur\u00eddica para el almacenamiento de estos datos es el art\u00edculo 165, apartado 1, del Tratado CE. 3 TKG 2021.<\/p>\n<h3>TRATAMIENTO DE DATOS EN SU DISPOSITIVO FINAL<\/h3>\n<p>Las operaciones de procesamiento descritas en el siguiente texto utilizan tecnolog\u00edas como scripts, cookies, WebSQL, LocalStorage, Session Storage, &#8230; . Estas tecnolog\u00edas almacenan o leen datos en su dispositivo final.<\/p>\n<h2>WEBHOST<\/h2>\n<h3>WORLD4YOU<\/h3>\n<p>Alojamos nuestro sitio web con nuestro procesador <a href=\"https:\/\/www.world4you.com\/\">World4You<\/a>, World4You Internet Services GmbH, Hafenstra\u00dfe 35, 4020 Linz, Austria.<\/p>\n<p>Los datos de conexi\u00f3n se procesan con el fin de proporcionar y ofrecer el sitio web. Con el \u00fanico fin de ofrecer y proporcionar el sitio web, los datos no se almacenan m\u00e1s all\u00e1 de la llamada. Sin embargo, los datos de conexi\u00f3n son almacenados por nuestro procesador por motivos de seguridad. La duraci\u00f3n del tratamiento por motivos de seguridad es variable y finaliza cuando las medidas de seguridad dejan de ser necesarias. Adem\u00e1s, nuestro procesador anonimiza los datos recogidos inmediatamente despu\u00e9s de su recogida y nos proporciona los datos an\u00f3nimos en forma de estad\u00edsticas para su evaluaci\u00f3n. Utilizamos estas estad\u00edsticas para la resoluci\u00f3n de problemas y para el desarrollo de nuestro sitio web.<\/p>\n<p>La base jur\u00eddica para el tratamiento de los datos es la absoluta necesidad t\u00e9cnica para la prestaci\u00f3n y entrega del servicio &#8220;sitio web&#8221; expresamente solicitado por usted mediante llamada de conformidad con el \u00a7 165 p\u00e1rr. 3 TKG 2021.<\/p>\n<h2>ARCHIVOS DE REGISTRO DEL SERVIDOR<\/h2>\n<p>Los datos de conexi\u00f3n se procesan con el fin de supervisar el funcionamiento t\u00e9cnico y aumentar la seguridad operativa de nuestro alojamiento web. La duraci\u00f3n del tratamiento se limita a 30 d\u00edas.<\/p>\n<p>La base legal para el procesamiento de datos es la absoluta necesidad t\u00e9cnica de un archivo de registro del servidor como base de datos b\u00e1sica para el an\u00e1lisis de errores y para las medidas de seguridad en el contexto del servicio &#8220;sitio web&#8221; expresamente solicitado por usted de conformidad con la Secci\u00f3n 165 (1) GDPR. 3 TKG 2021.<\/p>\n<h2>WEBFONTS<\/h2>\n<h3>INTEGRACI\u00d3N LOCAL DE FUENTES<\/h3>\n<p>Utilizamos fuentes web. Las integramos localmente en nuestro espacio web para que no se procese ning\u00fan dato personal.<\/p>\n<h2>FORMULARIO DE CONTACTO<\/h2>\n<p>Puede ponerse en contacto con nosotros directamente a trav\u00e9s del formulario de contacto de nuestro sitio web. Despu\u00e9s de enviar el formulario de contacto, los datos personales introducidos por usted ser\u00e1n procesados por el controlador con el fin de procesar su consulta sobre la base del consentimiento dado por usted al enviar el formulario de conformidad con el Art. 6 p\u00e1rrafo 1 lit. f GDPR. Art. 6 p\u00e1rr. 1 lit. a GDPR hasta su revocaci\u00f3n. No existe ninguna obligaci\u00f3n legal o contractual de facilitar datos personales. Si no lo hace, no podr\u00e1 presentar su solicitud y no podremos tramitarla.<\/p>\n<h3>DERECHO DE OPOSICI\u00d3N<\/h3>\n<p>Si sus datos personales se tratan sobre la base de un inter\u00e9s leg\u00edtimo, tiene derecho a oponerse a este tratamiento. Si no existen motivos leg\u00edtimos imperiosos para el tratamiento por nuestra parte, se interrumpir\u00e1 el tratamiento de sus datos sobre la base de este fundamento jur\u00eddico. Tambi\u00e9n tiene derecho a oponerse al tratamiento de sus datos personales con fines de mercadotecnia directa. Si se opone, sus datos personales dejar\u00e1n de tratarse con fines de mercadotecnia directa. La legalidad de los datos tratados antes de la oposici\u00f3n no se ver\u00e1 afectada por la oposici\u00f3n.<\/p>\n<h3>OTROS DERECHOS DE LOS INTERESADOS<\/h3>\n<p>Tambi\u00e9n tiene derecho a la informaci\u00f3n, rectificaci\u00f3n, supresi\u00f3n y limitaci\u00f3n del tratamiento de sus datos personales. Si la base jur\u00eddica para el tratamiento de sus datos personales es su consentimiento o un contrato celebrado con usted, tambi\u00e9n tiene derecho a la portabilidad de los datos. Tambi\u00e9n tiene derecho a presentar una reclamaci\u00f3n ante la autoridad de control. Encontrar\u00e1 m\u00e1s informaci\u00f3n sobre las autoridades de supervisi\u00f3n de la Uni\u00f3n Europea <a title=\"Autoridades de protecci\u00f3n de datos\" href=\"https:\/\/ec.europa.eu\/justice\/article-29\/structure\/data-protection-authorities\/index_en.htm\">aqu\u00ed<\/a>.<\/p>\n","protected":false},"excerpt":{"rendered":"<p>INFORMACI\u00d3N En esta p\u00e1gina le informamos sobre el tratamiento de sus datos personales. M\u00c1S RESPONSABLE Somos responsables del tratamiento de sus datos personales en nuestro sitio web: Elisabeth Braun &#8211; Elisasbeth Mundo del Arte Avenida del Jubileo 12 4861 Sch\u00f6rfling Austria Tel\u00e9fono: +43 660 \/ 499 96 44 Correo electr\u00f3nico: office@elisabethworldofart.com HERRAMIENTA DE GESTI\u00d3N DEL CONSENTIMIENTO LEGALWEB.IO En nuestro sitio web utilizamos la herramienta de gesti\u00f3n del consentimiento de LEGALWEB.IO, legalweb GmbH, F\u00fcrbergstra\u00dfe 42a, 5020 Salzburg, Austria. Esta herramienta coloca una cookie en su dispositivo final para almacenar los servicios que ha seleccionado o no. A esta cookie no se&#8230;<\/p>\n","protected":false},"author":2,"featured_media":0,"parent":0,"menu_order":0,"comment_status":"closed","ping_status":"closed","template":"","meta":{"footnotes":""},"class_list":["post-53773","page","type-page","status-publish","hentry"],"yoast_head":"<!-- This site is optimized with the Yoast SEO plugin v27.6 - https:\/\/yoast.com\/product\/yoast-seo-wordpress\/ -->\n<title>Protecci\u00f3n de datos - Elisabeth Braun<\/title>\n<meta name=\"robots\" content=\"index, follow, max-snippet:-1, max-image-preview:large, max-video-preview:-1\" \/>\n<link rel=\"canonical\" href=\"https:\/\/www.elisabethworldofart.com\/es\/proteccion-de-datos\/\" \/>\n<meta property=\"og:locale\" content=\"es_ES\" \/>\n<meta property=\"og:type\" content=\"article\" \/>\n<meta property=\"og:title\" content=\"Protecci\u00f3n de datos - Elisabeth Braun\" \/>\n<meta property=\"og:description\" content=\"INFORMACI\u00d3N En esta p\u00e1gina le informamos sobre el tratamiento de sus datos personales. M\u00c1S RESPONSABLE Somos responsables del tratamiento de sus datos personales en nuestro sitio web: Elisabeth Braun &#8211; Elisasbeth Mundo del Arte Avenida del Jubileo 12 4861 Sch\u00f6rfling Austria Tel\u00e9fono: +43 660 \/ 499 96 44 Correo electr\u00f3nico: office@elisabethworldofart.com HERRAMIENTA DE GESTI\u00d3N DEL CONSENTIMIENTO LEGALWEB.IO En nuestro sitio web utilizamos la herramienta de gesti\u00f3n del consentimiento de LEGALWEB.IO, legalweb GmbH, F\u00fcrbergstra\u00dfe 42a, 5020 Salzburg, Austria. Esta herramienta coloca una cookie en su dispositivo final para almacenar los servicios que ha seleccionado o no. A esta cookie no se...\" \/>\n<meta property=\"og:url\" content=\"https:\/\/www.elisabethworldofart.com\/es\/proteccion-de-datos\/\" \/>\n<meta property=\"og:site_name\" content=\"Elisabeth Braun\" \/>\n<meta property=\"article:publisher\" content=\"https:\/\/www.facebook.com\/sissy.grun\" \/>\n<meta property=\"article:modified_time\" content=\"2024-05-08T12:40:03+00:00\" \/>\n<meta name=\"twitter:card\" content=\"summary_large_image\" \/>\n<meta name=\"twitter:label1\" content=\"Tiempo de lectura\" \/>\n\t<meta name=\"twitter:data1\" content=\"4 minutos\" \/>\n<script type=\"application\/ld+json\" class=\"yoast-schema-graph\">{\"@context\":\"https:\\\/\\\/schema.org\",\"@graph\":[{\"@type\":\"WebPage\",\"@id\":\"https:\\\/\\\/www.elisabethworldofart.com\\\/es\\\/proteccion-de-datos\\\/\",\"url\":\"https:\\\/\\\/www.elisabethworldofart.com\\\/es\\\/proteccion-de-datos\\\/\",\"name\":\"Protecci\u00f3n de datos - Elisabeth Braun\",\"isPartOf\":{\"@id\":\"https:\\\/\\\/www.elisabethworldofart.com\\\/es\\\/#website\"},\"datePublished\":\"2023-10-24T08:52:50+00:00\",\"dateModified\":\"2024-05-08T12:40:03+00:00\",\"breadcrumb\":{\"@id\":\"https:\\\/\\\/www.elisabethworldofart.com\\\/es\\\/proteccion-de-datos\\\/#breadcrumb\"},\"inLanguage\":\"es\",\"potentialAction\":[{\"@type\":\"ReadAction\",\"target\":[\"https:\\\/\\\/www.elisabethworldofart.com\\\/es\\\/proteccion-de-datos\\\/\"]}]},{\"@type\":\"BreadcrumbList\",\"@id\":\"https:\\\/\\\/www.elisabethworldofart.com\\\/es\\\/proteccion-de-datos\\\/#breadcrumb\",\"itemListElement\":[{\"@type\":\"ListItem\",\"position\":1,\"name\":\"Startseite\",\"item\":\"https:\\\/\\\/www.elisabethworldofart.com\\\/es\\\/inicio\\\/\"},{\"@type\":\"ListItem\",\"position\":2,\"name\":\"Protecci\u00f3n de datos\"}]},{\"@type\":\"WebSite\",\"@id\":\"https:\\\/\\\/www.elisabethworldofart.com\\\/es\\\/#website\",\"url\":\"https:\\\/\\\/www.elisabethworldofart.com\\\/es\\\/\",\"name\":\"Elisabeth Braun\",\"description\":\"ART &amp; more\",\"publisher\":{\"@id\":\"https:\\\/\\\/www.elisabethworldofart.com\\\/es\\\/#\\\/schema\\\/person\\\/a31f26f6405578faa582036423961e43\"},\"potentialAction\":[{\"@type\":\"SearchAction\",\"target\":{\"@type\":\"EntryPoint\",\"urlTemplate\":\"https:\\\/\\\/www.elisabethworldofart.com\\\/es\\\/?s={search_term_string}\"},\"query-input\":{\"@type\":\"PropertyValueSpecification\",\"valueRequired\":true,\"valueName\":\"search_term_string\"}}],\"inLanguage\":\"es\"},{\"@type\":[\"Person\",\"Organization\"],\"@id\":\"https:\\\/\\\/www.elisabethworldofart.com\\\/es\\\/#\\\/schema\\\/person\\\/a31f26f6405578faa582036423961e43\",\"name\":\"Elisabeth Braun\",\"image\":{\"@type\":\"ImageObject\",\"inLanguage\":\"es\",\"@id\":\"https:\\\/\\\/www.elisabethworldofart.com\\\/wp-content\\\/uploads\\\/2022\\\/12\\\/EBLogo588x190.png\",\"url\":\"https:\\\/\\\/www.elisabethworldofart.com\\\/wp-content\\\/uploads\\\/2022\\\/12\\\/EBLogo588x190.png\",\"contentUrl\":\"https:\\\/\\\/www.elisabethworldofart.com\\\/wp-content\\\/uploads\\\/2022\\\/12\\\/EBLogo588x190.png\",\"width\":588,\"height\":190,\"caption\":\"Elisabeth Braun\"},\"logo\":{\"@id\":\"https:\\\/\\\/www.elisabethworldofart.com\\\/wp-content\\\/uploads\\\/2022\\\/12\\\/EBLogo588x190.png\"},\"sameAs\":[\"https:\\\/\\\/www.elisabethworldofart.com\",\"https:\\\/\\\/www.facebook.com\\\/sissy.grun\"]}]}<\/script>\n<!-- \/ Yoast SEO plugin. -->","yoast_head_json":{"title":"Protecci\u00f3n de datos - Elisabeth Braun","robots":{"index":"index","follow":"follow","max-snippet":"max-snippet:-1","max-image-preview":"max-image-preview:large","max-video-preview":"max-video-preview:-1"},"canonical":"https:\/\/www.elisabethworldofart.com\/es\/proteccion-de-datos\/","og_locale":"es_ES","og_type":"article","og_title":"Protecci\u00f3n de datos - Elisabeth Braun","og_description":"INFORMACI\u00d3N En esta p\u00e1gina le informamos sobre el tratamiento de sus datos personales. M\u00c1S RESPONSABLE Somos responsables del tratamiento de sus datos personales en nuestro sitio web: Elisabeth Braun &#8211; Elisasbeth Mundo del Arte Avenida del Jubileo 12 4861 Sch\u00f6rfling Austria Tel\u00e9fono: +43 660 \/ 499 96 44 Correo electr\u00f3nico: office@elisabethworldofart.com HERRAMIENTA DE GESTI\u00d3N DEL CONSENTIMIENTO LEGALWEB.IO En nuestro sitio web utilizamos la herramienta de gesti\u00f3n del consentimiento de LEGALWEB.IO, legalweb GmbH, F\u00fcrbergstra\u00dfe 42a, 5020 Salzburg, Austria. Esta herramienta coloca una cookie en su dispositivo final para almacenar los servicios que ha seleccionado o no. A esta cookie no se...","og_url":"https:\/\/www.elisabethworldofart.com\/es\/proteccion-de-datos\/","og_site_name":"Elisabeth Braun","article_publisher":"https:\/\/www.facebook.com\/sissy.grun","article_modified_time":"2024-05-08T12:40:03+00:00","twitter_card":"summary_large_image","twitter_misc":{"Tiempo de lectura":"4 minutos"},"schema":{"@context":"https:\/\/schema.org","@graph":[{"@type":"WebPage","@id":"https:\/\/www.elisabethworldofart.com\/es\/proteccion-de-datos\/","url":"https:\/\/www.elisabethworldofart.com\/es\/proteccion-de-datos\/","name":"Protecci\u00f3n de datos - Elisabeth Braun","isPartOf":{"@id":"https:\/\/www.elisabethworldofart.com\/es\/#website"},"datePublished":"2023-10-24T08:52:50+00:00","dateModified":"2024-05-08T12:40:03+00:00","breadcrumb":{"@id":"https:\/\/www.elisabethworldofart.com\/es\/proteccion-de-datos\/#breadcrumb"},"inLanguage":"es","potentialAction":[{"@type":"ReadAction","target":["https:\/\/www.elisabethworldofart.com\/es\/proteccion-de-datos\/"]}]},{"@type":"BreadcrumbList","@id":"https:\/\/www.elisabethworldofart.com\/es\/proteccion-de-datos\/#breadcrumb","itemListElement":[{"@type":"ListItem","position":1,"name":"Startseite","item":"https:\/\/www.elisabethworldofart.com\/es\/inicio\/"},{"@type":"ListItem","position":2,"name":"Protecci\u00f3n de datos"}]},{"@type":"WebSite","@id":"https:\/\/www.elisabethworldofart.com\/es\/#website","url":"https:\/\/www.elisabethworldofart.com\/es\/","name":"Elisabeth Braun","description":"ART &amp; more","publisher":{"@id":"https:\/\/www.elisabethworldofart.com\/es\/#\/schema\/person\/a31f26f6405578faa582036423961e43"},"potentialAction":[{"@type":"SearchAction","target":{"@type":"EntryPoint","urlTemplate":"https:\/\/www.elisabethworldofart.com\/es\/?s={search_term_string}"},"query-input":{"@type":"PropertyValueSpecification","valueRequired":true,"valueName":"search_term_string"}}],"inLanguage":"es"},{"@type":["Person","Organization"],"@id":"https:\/\/www.elisabethworldofart.com\/es\/#\/schema\/person\/a31f26f6405578faa582036423961e43","name":"Elisabeth Braun","image":{"@type":"ImageObject","inLanguage":"es","@id":"https:\/\/www.elisabethworldofart.com\/wp-content\/uploads\/2022\/12\/EBLogo588x190.png","url":"https:\/\/www.elisabethworldofart.com\/wp-content\/uploads\/2022\/12\/EBLogo588x190.png","contentUrl":"https:\/\/www.elisabethworldofart.com\/wp-content\/uploads\/2022\/12\/EBLogo588x190.png","width":588,"height":190,"caption":"Elisabeth Braun"},"logo":{"@id":"https:\/\/www.elisabethworldofart.com\/wp-content\/uploads\/2022\/12\/EBLogo588x190.png"},"sameAs":["https:\/\/www.elisabethworldofart.com","https:\/\/www.facebook.com\/sissy.grun"]}]}},"_links":{"self":[{"href":"https:\/\/www.elisabethworldofart.com\/es\/wp-json\/wp\/v2\/pages\/53773","targetHints":{"allow":["GET"]}}],"collection":[{"href":"https:\/\/www.elisabethworldofart.com\/es\/wp-json\/wp\/v2\/pages"}],"about":[{"href":"https:\/\/www.elisabethworldofart.com\/es\/wp-json\/wp\/v2\/types\/page"}],"author":[{"embeddable":true,"href":"https:\/\/www.elisabethworldofart.com\/es\/wp-json\/wp\/v2\/users\/2"}],"replies":[{"embeddable":true,"href":"https:\/\/www.elisabethworldofart.com\/es\/wp-json\/wp\/v2\/comments?post=53773"}],"version-history":[{"count":2,"href":"https:\/\/www.elisabethworldofart.com\/es\/wp-json\/wp\/v2\/pages\/53773\/revisions"}],"predecessor-version":[{"id":54836,"href":"https:\/\/www.elisabethworldofart.com\/es\/wp-json\/wp\/v2\/pages\/53773\/revisions\/54836"}],"wp:attachment":[{"href":"https:\/\/www.elisabethworldofart.com\/es\/wp-json\/wp\/v2\/media?parent=53773"}],"curies":[{"name":"wp","href":"https:\/\/api.w.org\/{rel}","templated":true}]}}