{"id":54221,"date":"2021-12-13T13:47:34","date_gmt":"2021-12-13T12:47:34","guid":{"rendered":"https:\/\/www.elisabethworldofart.com\/pedagogia-del-juego\/"},"modified":"2024-04-11T13:29:12","modified_gmt":"2024-04-11T11:29:12","slug":"pedagogia-del-juego","status":"publish","type":"page","link":"https:\/\/www.elisabethworldofart.com\/es\/pedagogia-del-juego\/","title":{"rendered":"Pedagog\u00eda del juego"},"content":{"rendered":"<p>[vc_row row_type=&#8221;row&#8221; use_row_as_full_screen_section=&#8221;no&#8221; type=&#8221;full_width&#8221; oblique_section=&#8221;no&#8221; text_align=&#8221;left&#8221; triangle_shape=&#8221;no&#8221; css_animation=&#8221;&#8221; box_shadow_on_row=&#8221;no&#8221;][vc_column width=&#8221;1\/3&#8243;][\/vc_column][vc_column width=&#8221;1\/3&#8243;][vc_single_image image=&#8221;53816&#8243; img_size=&#8221;full&#8221; alignment=&#8221;center&#8221; edgt_css_animation=&#8221;&#8221;][\/vc_column][vc_column width=&#8221;1\/3&#8243;][\/vc_column][\/vc_row][vc_row row_type=&#8221;row&#8221; use_row_as_full_screen_section=&#8221;no&#8221; type=&#8221;full_width&#8221; oblique_section=&#8221;no&#8221; text_align=&#8221;left&#8221; triangle_shape=&#8221;no&#8221; css_animation=&#8221;&#8221; box_shadow_on_row=&#8221;no&#8221;][vc_column][vc_column_text css=&#8221;.vc_custom_1639401349678{padding-top: 20px !important;padding-bottom: 20px !important;}&#8221;]<\/p>\n<h4>Entrenamiento l\u00fadico educativo cualificado con animales EREL &#8211; Aprender con caballos<\/h4>\n<p><em>Aprendizaje educativo cualificado sobre el juego con caballos. Aprender con los caballos<\/em>[\/vc_column_text][\/vc_column][\/vc_row][vc_row row_type=&#8221;row&#8221; use_row_as_full_screen_section=&#8221;no&#8221; type=&#8221;full_width&#8221; oblique_section=&#8221;no&#8221; text_align=&#8221;left&#8221; triangle_shape=&#8221;no&#8221; css_animation=&#8221;&#8221; box_shadow_on_row=&#8221;no&#8221;][vc_column width=&#8221;2\/3&#8243;][vc_column_text css=&#8221;.vc_custom_1639400463723{padding-top: 40px !important;padding-bottom: 20px !important;}&#8221;]<\/p>\n<h4>Formador en pedagog\u00eda del juego<\/h4>\n<p>[\/vc_column_text][vc_column_text]Pasar tiempo de calidad con el caballo, adquirir experiencia y vivir momentos especiales.<\/p>\n<p>Caballos de fuerza para los ni\u00f1os<\/p>\n<p>\u00a1A los ni\u00f1os les encanta aprender!<br \/>\nPodemos apoyarles.<br \/>\nNuestros caballos nos ayudan a conseguirlo.<\/p>\n<p>En la naturaleza con juegos, diversi\u00f3n, ejercicio y el caballo co-entrenador<br \/>\n&#8211; La alegr\u00eda del descubrimiento, la experimentaci\u00f3n y el asombro<br \/>\n&#8211; La alegr\u00eda del aprendizaje natural[\/vc_column_text][\/vc_column][vc_column width=&#8221;1\/3&#8243;][vc_single_image image=&#8221;50747&#8243; img_size=&#8221;medium&#8221; alignment=&#8221;right&#8221; edgt_css_animation=&#8221;&#8221;][\/vc_column][\/vc_row][vc_row row_type=&#8221;row&#8221; use_row_as_full_screen_section=&#8221;no&#8221; type=&#8221;full_width&#8221; oblique_section=&#8221;no&#8221; text_align=&#8221;left&#8221; triangle_shape=&#8221;no&#8221; padding_bottom=&#8221;20&#8243; css_animation=&#8221;&#8221; box_shadow_on_row=&#8221;no&#8221;][vc_column css=&#8221;.vc_custom_1644327318075{padding-bottom: 20px !important;}&#8221;][vc_column_text css=&#8221;.vc_custom_1639400412071{padding-top: 20px !important;padding-bottom: 20px !important;}&#8221;][\/vc_column_text][vc_column_text]<strong>Los caballos ayudan<\/strong><br \/>\n&#8211; Reducir los temores<br \/>\n&#8211; Reforzar la confianza y el valor<br \/>\n&#8211; ser m\u00e1s responsable<br \/>\n&#8211; establecer contactos socialesI<br \/>\n&#8211; pasar m\u00e1s tiempo libre al aire libre &#8211; un poco menos de ordenador, televisi\u00f3n y tel\u00e9fono m\u00f3vil<br \/>\n&#8211; mientras adoptan una posici\u00f3n neutral<br \/>\n&#8211; estar a salvo y sentirse seguro<br \/>\n&#8211; Fomentar la concentraci\u00f3n &#8211; cuidar de uno mismo, del caballo y de los dem\u00e1s<br \/>\n&#8211; para transmitir paciencia y calma y reducir as\u00ed el estr\u00e9s y con tantos otros temas[\/vc_column_text][\/vc_column][\/vc_row][vc_row row_type=&#8221;row&#8221; use_row_as_full_screen_section=&#8221;no&#8221; type=&#8221;full_width&#8221; oblique_section=&#8221;no&#8221; text_align=&#8221;left&#8221; triangle_shape=&#8221;no&#8221; padding_bottom=&#8221;20&#8243; css_animation=&#8221;&#8221; box_shadow_on_row=&#8221;no&#8221;][vc_column width=&#8221;1\/4&#8243;][vc_single_image image=&#8221;50860&#8243; onclick=&#8221;link_image&#8221; edgt_css_animation=&#8221;&#8221;][\/vc_column][vc_column width=&#8221;1\/4&#8243;][vc_single_image image=&#8221;50861&#8243; onclick=&#8221;link_image&#8221; edgt_css_animation=&#8221;&#8221;][\/vc_column][vc_column width=&#8221;1\/4&#8243;][vc_single_image image=&#8221;50859&#8243; onclick=&#8221;link_image&#8221; edgt_css_animation=&#8221;&#8221;][\/vc_column][vc_column width=&#8221;1\/4&#8243;][\/vc_column][\/vc_row][vc_row row_type=&#8221;row&#8221; use_row_as_full_screen_section=&#8221;no&#8221; type=&#8221;full_width&#8221; oblique_section=&#8221;no&#8221; text_align=&#8221;left&#8221; triangle_shape=&#8221;no&#8221; css_animation=&#8221;&#8221; box_shadow_on_row=&#8221;no&#8221;][vc_column css=&#8221;.vc_custom_1644327170515{padding-top: 20px !important;}&#8221;]<blockquote class='blockquote_shortcode with_quote_icon' style=''><span style=\"\" class=\"icon_quotations_holder\">\u201d<\/span><h4 class='blockquote_text' ><span>\u00a1Aprender es importante! Quiero hacer que el aprendizaje y la vida sean un poco m\u00e1s f\u00e1ciles para los ni\u00f1os.<\/span><\/h4><\/blockquote>[\/vc_column][\/vc_row][vc_row row_type=&#8221;row&#8221; use_row_as_full_screen_section=&#8221;no&#8221; type=&#8221;full_width&#8221; oblique_section=&#8221;no&#8221; text_align=&#8221;left&#8221; triangle_shape=&#8221;no&#8221; padding_top=&#8221;20&#8243; css_animation=&#8221;&#8221; box_shadow_on_row=&#8221;no&#8221;][vc_column width=&#8221;1\/2&#8243;][vc_column_text]Jugar y aprender entrenando con caballos es simplemente divertido y ayuda a los ni\u00f1os a desarrollar sus capacidades f\u00edsicas, mentales y espirituales. La motricidad, la motricidad fina, la coordinaci\u00f3n, el equilibrio y mucho m\u00e1s pueden mejorarse con ejercicios y juegos de habilidad. Leer, escribir, calcular, cantar, rimar, etc. sin pupitre, \u00a1pero en compa\u00f1\u00eda de animales! Los juegos de aprendizaje se utilizan para repetir y consolidar el material de aprendizaje.[\/vc_column_text][\/vc_column][vc_column width=&#8221;1\/2&#8243;][vc_column_text]Puede considerarse un programa de acompa\u00f1amiento en la guarder\u00eda y la escuela. Tambi\u00e9n puede servir de apoyo a las sesiones de logopedia, terapia ocupacional o psicoterapia ya iniciadas. Mi trabajo debe considerarse como una formaci\u00f3n y no como una medida terap\u00e9utica, \u00a1y no puede sustituirla![\/vc_column_text][\/vc_column][\/vc_row][vc_row row_type=&#8221;row&#8221; use_row_as_full_screen_section=&#8221;no&#8221; type=&#8221;full_width&#8221; oblique_section=&#8221;no&#8221; text_align=&#8221;left&#8221; triangle_shape=&#8221;no&#8221; css_animation=&#8221;&#8221; box_shadow_on_row=&#8221;no&#8221;][vc_column width=&#8221;2\/3&#8243;][vc_single_image image=&#8221;50776&#8243; img_size=&#8221;full&#8221; edgt_css_animation=&#8221;&#8221; css=&#8221;.vc_custom_1639402167793{padding-top: 40px !important;}&#8221;][\/vc_column][vc_column width=&#8221;1\/3&#8243;][vc_column_text css=&#8221;.vc_custom_1639402124819{padding-top: 40px !important;padding-bottom: 20px !important;}&#8221;]<\/p>\n<h4 style=\"text-align: left;\">Manolito<\/h4>\n<p>[\/vc_column_text][vc_column_text]<\/p>\n<p style=\"text-align: left;\">osito cari\u00f1oso<br \/>\nDeleita a grandes y peque\u00f1os<br \/>\nbuen humor<br \/>\ndivertirse con todos<br \/>\n<strong>Manolito le agradece su atenci\u00f3n.<\/strong><\/p>\n<p>[\/vc_column_text][vc_single_image image=&#8221;50783&#8243; img_size=&#8221;medium&#8221; edgt_css_animation=&#8221;&#8221; css=&#8221;.vc_custom_1643705436714{padding-top: 25px !important;}&#8221;][\/vc_column][\/vc_row][vc_row row_type=&#8221;row&#8221; use_row_as_full_screen_section=&#8221;no&#8221; type=&#8221;full_width&#8221; oblique_section=&#8221;no&#8221; text_align=&#8221;left&#8221; triangle_shape=&#8221;no&#8221; css_animation=&#8221;&#8221; box_shadow_on_row=&#8221;no&#8221;][vc_column][vc_column_text css=&#8221;.vc_custom_1646384919044{padding-top: 20px !important;padding-bottom: 20px !important;}&#8221;]<\/p>\n<h4 style=\"text-align: center;\">No se ofrece actualmente.<\/h4>\n<h4 style=\"text-align: center;\">Se lo comunicar\u00e9 aqu\u00ed en el sitio en cuanto empiece.<\/h4>\n<p>[\/vc_column_text][\/vc_column][\/vc_row]<\/p>\n","protected":false},"excerpt":{"rendered":"<p>[vc_row row_type=&#8221;row&#8221; use_row_as_full_screen_section=&#8221;no&#8221; type=&#8221;full_width&#8221; oblique_section=&#8221;no&#8221; text_align=&#8221;left&#8221; triangle_shape=&#8221;no&#8221; css_animation=&#8221;&#8221; box_shadow_on_row=&#8221;no&#8221;][vc_column width=&#8221;1\/3&#8243;][\/vc_column][vc_column width=&#8221;1\/3&#8243;][vc_single_image image=&#8221;53816&#8243; img_size=&#8221;full&#8221; alignment=&#8221;center&#8221; edgt_css_animation=&#8221;&#8221;][\/vc_column][vc_column width=&#8221;1\/3&#8243;][\/vc_column][\/vc_row][vc_row row_type=&#8221;row&#8221; use_row_as_full_screen_section=&#8221;no&#8221; type=&#8221;full_width&#8221; oblique_section=&#8221;no&#8221; text_align=&#8221;left&#8221; triangle_shape=&#8221;no&#8221; css_animation=&#8221;&#8221; box_shadow_on_row=&#8221;no&#8221;][vc_column][vc_column_text css=&#8221;.vc_custom_1639401349678{padding-top: 20px !important;padding-bottom: 20px !important;}&#8221;] Entrenamiento l\u00fadico educativo cualificado con animales EREL &#8211; Aprender con caballos Aprendizaje educativo cualificado sobre el juego con caballos. Aprender con los caballos[\/vc_column_text][\/vc_column][\/vc_row][vc_row row_type=&#8221;row&#8221; use_row_as_full_screen_section=&#8221;no&#8221; type=&#8221;full_width&#8221; oblique_section=&#8221;no&#8221; text_align=&#8221;left&#8221; triangle_shape=&#8221;no&#8221; css_animation=&#8221;&#8221; box_shadow_on_row=&#8221;no&#8221;][vc_column width=&#8221;2\/3&#8243;][vc_column_text css=&#8221;.vc_custom_1639400463723{padding-top: 40px !important;padding-bottom: 20px !important;}&#8221;] Formador en pedagog\u00eda del juego [\/vc_column_text][vc_column_text]Pasar tiempo de calidad con el caballo, adquirir experiencia y vivir momentos especiales. Caballos de fuerza para los ni\u00f1os \u00a1A los ni\u00f1os les encanta aprender! Podemos apoyarles. Nuestros caballos&#8230;<\/p>\n","protected":false},"author":1,"featured_media":0,"parent":0,"menu_order":0,"comment_status":"closed","ping_status":"closed","template":"","meta":{"footnotes":""},"class_list":["post-54221","page","type-page","status-publish","hentry"],"yoast_head":"<!-- This site is optimized with the Yoast SEO plugin v27.6 - https:\/\/yoast.com\/product\/yoast-seo-wordpress\/ -->\n<title>Pedagog\u00eda del juego - Elisabeth Braun<\/title>\n<meta name=\"robots\" content=\"index, follow, max-snippet:-1, max-image-preview:large, max-video-preview:-1\" \/>\n<link rel=\"canonical\" href=\"https:\/\/www.elisabethworldofart.com\/es\/pedagogia-del-juego\/\" \/>\n<meta property=\"og:locale\" content=\"es_ES\" \/>\n<meta property=\"og:type\" content=\"article\" \/>\n<meta property=\"og:title\" content=\"Pedagog\u00eda del juego - Elisabeth Braun\" \/>\n<meta property=\"og:description\" content=\"[vc_row row_type=&#8221;row&#8221; use_row_as_full_screen_section=&#8221;no&#8221; type=&#8221;full_width&#8221; oblique_section=&#8221;no&#8221; text_align=&#8221;left&#8221; triangle_shape=&#8221;no&#8221; css_animation=&#8221;&#8221; box_shadow_on_row=&#8221;no&#8221;][vc_column width=&#8221;1\/3&#8243;][\/vc_column][vc_column width=&#8221;1\/3&#8243;][vc_single_image image=&#8221;53816&#8243; img_size=&#8221;full&#8221; alignment=&#8221;center&#8221; edgt_css_animation=&#8221;&#8221;][\/vc_column][vc_column width=&#8221;1\/3&#8243;][\/vc_column][\/vc_row][vc_row row_type=&#8221;row&#8221; use_row_as_full_screen_section=&#8221;no&#8221; type=&#8221;full_width&#8221; oblique_section=&#8221;no&#8221; text_align=&#8221;left&#8221; triangle_shape=&#8221;no&#8221; css_animation=&#8221;&#8221; box_shadow_on_row=&#8221;no&#8221;][vc_column][vc_column_text css=&#8221;.vc_custom_1639401349678{padding-top: 20px !important;padding-bottom: 20px !important;}&#8221;] Entrenamiento l\u00fadico educativo cualificado con animales EREL &#8211; Aprender con caballos Aprendizaje educativo cualificado sobre el juego con caballos. Aprender con los caballos[\/vc_column_text][\/vc_column][\/vc_row][vc_row row_type=&#8221;row&#8221; use_row_as_full_screen_section=&#8221;no&#8221; type=&#8221;full_width&#8221; oblique_section=&#8221;no&#8221; text_align=&#8221;left&#8221; triangle_shape=&#8221;no&#8221; css_animation=&#8221;&#8221; box_shadow_on_row=&#8221;no&#8221;][vc_column width=&#8221;2\/3&#8243;][vc_column_text css=&#8221;.vc_custom_1639400463723{padding-top: 40px !important;padding-bottom: 20px !important;}&#8221;] Formador en pedagog\u00eda del juego [\/vc_column_text][vc_column_text]Pasar tiempo de calidad con el caballo, adquirir experiencia y vivir momentos especiales. Caballos de fuerza para los ni\u00f1os \u00a1A los ni\u00f1os les encanta aprender! Podemos apoyarles. Nuestros caballos...\" \/>\n<meta property=\"og:url\" content=\"https:\/\/www.elisabethworldofart.com\/es\/pedagogia-del-juego\/\" \/>\n<meta property=\"og:site_name\" content=\"Elisabeth Braun\" \/>\n<meta property=\"article:publisher\" content=\"https:\/\/www.facebook.com\/sissy.grun\" \/>\n<meta property=\"article:modified_time\" content=\"2024-04-11T11:29:12+00:00\" \/>\n<meta name=\"twitter:card\" content=\"summary_large_image\" \/>\n<meta name=\"twitter:label1\" content=\"Tiempo de lectura\" \/>\n\t<meta name=\"twitter:data1\" content=\"5 minutos\" \/>\n<script type=\"application\/ld+json\" class=\"yoast-schema-graph\">{\"@context\":\"https:\\\/\\\/schema.org\",\"@graph\":[{\"@type\":\"WebPage\",\"@id\":\"https:\\\/\\\/www.elisabethworldofart.com\\\/es\\\/pedagogia-del-juego\\\/\",\"url\":\"https:\\\/\\\/www.elisabethworldofart.com\\\/es\\\/pedagogia-del-juego\\\/\",\"name\":\"Pedagog\u00eda del juego - Elisabeth Braun\",\"isPartOf\":{\"@id\":\"https:\\\/\\\/www.elisabethworldofart.com\\\/es\\\/#website\"},\"datePublished\":\"2021-12-13T12:47:34+00:00\",\"dateModified\":\"2024-04-11T11:29:12+00:00\",\"breadcrumb\":{\"@id\":\"https:\\\/\\\/www.elisabethworldofart.com\\\/es\\\/pedagogia-del-juego\\\/#breadcrumb\"},\"inLanguage\":\"es\",\"potentialAction\":[{\"@type\":\"ReadAction\",\"target\":[\"https:\\\/\\\/www.elisabethworldofart.com\\\/es\\\/pedagogia-del-juego\\\/\"]}]},{\"@type\":\"BreadcrumbList\",\"@id\":\"https:\\\/\\\/www.elisabethworldofart.com\\\/es\\\/pedagogia-del-juego\\\/#breadcrumb\",\"itemListElement\":[{\"@type\":\"ListItem\",\"position\":1,\"name\":\"Startseite\",\"item\":\"https:\\\/\\\/www.elisabethworldofart.com\\\/es\\\/inicio\\\/\"},{\"@type\":\"ListItem\",\"position\":2,\"name\":\"Pedagog\u00eda del juego\"}]},{\"@type\":\"WebSite\",\"@id\":\"https:\\\/\\\/www.elisabethworldofart.com\\\/es\\\/#website\",\"url\":\"https:\\\/\\\/www.elisabethworldofart.com\\\/es\\\/\",\"name\":\"Elisabeth Braun\",\"description\":\"ART &amp; more\",\"publisher\":{\"@id\":\"https:\\\/\\\/www.elisabethworldofart.com\\\/es\\\/#\\\/schema\\\/person\\\/a31f26f6405578faa582036423961e43\"},\"potentialAction\":[{\"@type\":\"SearchAction\",\"target\":{\"@type\":\"EntryPoint\",\"urlTemplate\":\"https:\\\/\\\/www.elisabethworldofart.com\\\/es\\\/?s={search_term_string}\"},\"query-input\":{\"@type\":\"PropertyValueSpecification\",\"valueRequired\":true,\"valueName\":\"search_term_string\"}}],\"inLanguage\":\"es\"},{\"@type\":[\"Person\",\"Organization\"],\"@id\":\"https:\\\/\\\/www.elisabethworldofart.com\\\/es\\\/#\\\/schema\\\/person\\\/a31f26f6405578faa582036423961e43\",\"name\":\"Elisabeth Braun\",\"image\":{\"@type\":\"ImageObject\",\"inLanguage\":\"es\",\"@id\":\"https:\\\/\\\/www.elisabethworldofart.com\\\/wp-content\\\/uploads\\\/2022\\\/12\\\/EBLogo588x190.png\",\"url\":\"https:\\\/\\\/www.elisabethworldofart.com\\\/wp-content\\\/uploads\\\/2022\\\/12\\\/EBLogo588x190.png\",\"contentUrl\":\"https:\\\/\\\/www.elisabethworldofart.com\\\/wp-content\\\/uploads\\\/2022\\\/12\\\/EBLogo588x190.png\",\"width\":588,\"height\":190,\"caption\":\"Elisabeth Braun\"},\"logo\":{\"@id\":\"https:\\\/\\\/www.elisabethworldofart.com\\\/wp-content\\\/uploads\\\/2022\\\/12\\\/EBLogo588x190.png\"},\"sameAs\":[\"https:\\\/\\\/www.elisabethworldofart.com\",\"https:\\\/\\\/www.facebook.com\\\/sissy.grun\"]}]}<\/script>\n<!-- \/ Yoast SEO plugin. -->","yoast_head_json":{"title":"Pedagog\u00eda del juego - Elisabeth Braun","robots":{"index":"index","follow":"follow","max-snippet":"max-snippet:-1","max-image-preview":"max-image-preview:large","max-video-preview":"max-video-preview:-1"},"canonical":"https:\/\/www.elisabethworldofart.com\/es\/pedagogia-del-juego\/","og_locale":"es_ES","og_type":"article","og_title":"Pedagog\u00eda del juego - Elisabeth Braun","og_description":"[vc_row row_type=&#8221;row&#8221; use_row_as_full_screen_section=&#8221;no&#8221; type=&#8221;full_width&#8221; oblique_section=&#8221;no&#8221; text_align=&#8221;left&#8221; triangle_shape=&#8221;no&#8221; css_animation=&#8221;&#8221; box_shadow_on_row=&#8221;no&#8221;][vc_column width=&#8221;1\/3&#8243;][\/vc_column][vc_column width=&#8221;1\/3&#8243;][vc_single_image image=&#8221;53816&#8243; img_size=&#8221;full&#8221; alignment=&#8221;center&#8221; edgt_css_animation=&#8221;&#8221;][\/vc_column][vc_column width=&#8221;1\/3&#8243;][\/vc_column][\/vc_row][vc_row row_type=&#8221;row&#8221; use_row_as_full_screen_section=&#8221;no&#8221; type=&#8221;full_width&#8221; oblique_section=&#8221;no&#8221; text_align=&#8221;left&#8221; triangle_shape=&#8221;no&#8221; css_animation=&#8221;&#8221; box_shadow_on_row=&#8221;no&#8221;][vc_column][vc_column_text css=&#8221;.vc_custom_1639401349678{padding-top: 20px !important;padding-bottom: 20px !important;}&#8221;] Entrenamiento l\u00fadico educativo cualificado con animales EREL &#8211; Aprender con caballos Aprendizaje educativo cualificado sobre el juego con caballos. Aprender con los caballos[\/vc_column_text][\/vc_column][\/vc_row][vc_row row_type=&#8221;row&#8221; use_row_as_full_screen_section=&#8221;no&#8221; type=&#8221;full_width&#8221; oblique_section=&#8221;no&#8221; text_align=&#8221;left&#8221; triangle_shape=&#8221;no&#8221; css_animation=&#8221;&#8221; box_shadow_on_row=&#8221;no&#8221;][vc_column width=&#8221;2\/3&#8243;][vc_column_text css=&#8221;.vc_custom_1639400463723{padding-top: 40px !important;padding-bottom: 20px !important;}&#8221;] Formador en pedagog\u00eda del juego [\/vc_column_text][vc_column_text]Pasar tiempo de calidad con el caballo, adquirir experiencia y vivir momentos especiales. Caballos de fuerza para los ni\u00f1os \u00a1A los ni\u00f1os les encanta aprender! Podemos apoyarles. Nuestros caballos...","og_url":"https:\/\/www.elisabethworldofart.com\/es\/pedagogia-del-juego\/","og_site_name":"Elisabeth Braun","article_publisher":"https:\/\/www.facebook.com\/sissy.grun","article_modified_time":"2024-04-11T11:29:12+00:00","twitter_card":"summary_large_image","twitter_misc":{"Tiempo de lectura":"5 minutos"},"schema":{"@context":"https:\/\/schema.org","@graph":[{"@type":"WebPage","@id":"https:\/\/www.elisabethworldofart.com\/es\/pedagogia-del-juego\/","url":"https:\/\/www.elisabethworldofart.com\/es\/pedagogia-del-juego\/","name":"Pedagog\u00eda del juego - Elisabeth Braun","isPartOf":{"@id":"https:\/\/www.elisabethworldofart.com\/es\/#website"},"datePublished":"2021-12-13T12:47:34+00:00","dateModified":"2024-04-11T11:29:12+00:00","breadcrumb":{"@id":"https:\/\/www.elisabethworldofart.com\/es\/pedagogia-del-juego\/#breadcrumb"},"inLanguage":"es","potentialAction":[{"@type":"ReadAction","target":["https:\/\/www.elisabethworldofart.com\/es\/pedagogia-del-juego\/"]}]},{"@type":"BreadcrumbList","@id":"https:\/\/www.elisabethworldofart.com\/es\/pedagogia-del-juego\/#breadcrumb","itemListElement":[{"@type":"ListItem","position":1,"name":"Startseite","item":"https:\/\/www.elisabethworldofart.com\/es\/inicio\/"},{"@type":"ListItem","position":2,"name":"Pedagog\u00eda del juego"}]},{"@type":"WebSite","@id":"https:\/\/www.elisabethworldofart.com\/es\/#website","url":"https:\/\/www.elisabethworldofart.com\/es\/","name":"Elisabeth Braun","description":"ART &amp; more","publisher":{"@id":"https:\/\/www.elisabethworldofart.com\/es\/#\/schema\/person\/a31f26f6405578faa582036423961e43"},"potentialAction":[{"@type":"SearchAction","target":{"@type":"EntryPoint","urlTemplate":"https:\/\/www.elisabethworldofart.com\/es\/?s={search_term_string}"},"query-input":{"@type":"PropertyValueSpecification","valueRequired":true,"valueName":"search_term_string"}}],"inLanguage":"es"},{"@type":["Person","Organization"],"@id":"https:\/\/www.elisabethworldofart.com\/es\/#\/schema\/person\/a31f26f6405578faa582036423961e43","name":"Elisabeth Braun","image":{"@type":"ImageObject","inLanguage":"es","@id":"https:\/\/www.elisabethworldofart.com\/wp-content\/uploads\/2022\/12\/EBLogo588x190.png","url":"https:\/\/www.elisabethworldofart.com\/wp-content\/uploads\/2022\/12\/EBLogo588x190.png","contentUrl":"https:\/\/www.elisabethworldofart.com\/wp-content\/uploads\/2022\/12\/EBLogo588x190.png","width":588,"height":190,"caption":"Elisabeth Braun"},"logo":{"@id":"https:\/\/www.elisabethworldofart.com\/wp-content\/uploads\/2022\/12\/EBLogo588x190.png"},"sameAs":["https:\/\/www.elisabethworldofart.com","https:\/\/www.facebook.com\/sissy.grun"]}]}},"_links":{"self":[{"href":"https:\/\/www.elisabethworldofart.com\/es\/wp-json\/wp\/v2\/pages\/54221","targetHints":{"allow":["GET"]}}],"collection":[{"href":"https:\/\/www.elisabethworldofart.com\/es\/wp-json\/wp\/v2\/pages"}],"about":[{"href":"https:\/\/www.elisabethworldofart.com\/es\/wp-json\/wp\/v2\/types\/page"}],"author":[{"embeddable":true,"href":"https:\/\/www.elisabethworldofart.com\/es\/wp-json\/wp\/v2\/users\/1"}],"replies":[{"embeddable":true,"href":"https:\/\/www.elisabethworldofart.com\/es\/wp-json\/wp\/v2\/comments?post=54221"}],"version-history":[{"count":5,"href":"https:\/\/www.elisabethworldofart.com\/es\/wp-json\/wp\/v2\/pages\/54221\/revisions"}],"predecessor-version":[{"id":54250,"href":"https:\/\/www.elisabethworldofart.com\/es\/wp-json\/wp\/v2\/pages\/54221\/revisions\/54250"}],"wp:attachment":[{"href":"https:\/\/www.elisabethworldofart.com\/es\/wp-json\/wp\/v2\/media?parent=54221"}],"curies":[{"name":"wp","href":"https:\/\/api.w.org\/{rel}","templated":true}]}}