{"id":53772,"date":"2023-10-24T10:52:50","date_gmt":"2023-10-24T08:52:50","guid":{"rendered":"https:\/\/www.elisabethworldofart.com\/protezione-dei-dati\/"},"modified":"2024-05-08T14:40:02","modified_gmt":"2024-05-08T12:40:02","slug":"protezione-dei-dati","status":"publish","type":"page","link":"https:\/\/www.elisabethworldofart.com\/it\/protezione-dei-dati\/","title":{"rendered":"Protezione dei dati"},"content":{"rendered":"<h2><\/h2>\n<h2>INFORMAZIONI<\/h2>\n<p>In questa pagina vi informiamo sul trattamento dei vostri dati personali.<\/p>\n<h2>PI\u00d9 RESPONSABILE<\/h2>\n<p>Siamo responsabili del trattamento dei vostri dati personali sul nostro sito web:<\/p>\n<p>Elisabeth Braun &#8211; Il mondo dell&#8217;arte di Elisasbeth<br \/>\nViale del Giubileo 12<br \/>\n4861 Sch\u00f6rfling<br \/>\nAustria<br \/>\nTelefono: +43 660 \/ 499 96 44<br \/>\nE-mail: office@elisabethworldofart.com<\/p>\n<h2>STRUMENTO DI GESTIONE DEL CONSENSO<\/h2>\n<h3>LEGALWEB.IO<\/h3>\n<p>Sul nostro sito web utilizziamo lo strumento di gestione del consenso di <a href=\"https:\/\/legalweb.io\/\">LEGALWEB.IO<\/a>, legalweb GmbH, F\u00fcrbergstra\u00dfe 42a, 5020 Salisburgo, Austria. Questo strumento inserisce un cookie nel dispositivo finale dell&#8217;utente per memorizzare i servizi selezionati o meno. A questo cookie non viene assegnato un ID relativo all&#8217;utente e non memorizza altri dati personali. Il contenuto viene memorizzato per un massimo di 1095 giorni e poi cancellato automaticamente.<\/p>\n<p>La base giuridica per la memorizzazione di questi dati \u00e8 il \u00a7 165 para. 3 TKG 2021.<\/p>\n<h3>ELABORAZIONE DEI DATI SUL VOSTRO DISPOSITIVO FINALE<\/h3>\n<p>I trattamenti descritti nel seguente testo utilizzano tecnologie quali script, cookie, WebSQL, LocalStorage, Session Storage, &#8230; . Queste tecnologie memorizzano o leggono i dati sul dispositivo finale.<\/p>\n<h2>WEBHOST<\/h2>\n<h3>WORLD4YOU<\/h3>\n<p>Il nostro sito web \u00e8 ospitato dal nostro elaboratore <a href=\"https:\/\/www.world4you.com\/\">World4You<\/a>, World4You Internet Services GmbH, Hafenstra\u00dfe 35, 4020 Linz, Austria.<\/p>\n<p>I dati di connessione vengono elaborati allo scopo di fornire e distribuire il sito web. I dati non vengono memorizzati al solo scopo di fornire il sito web oltre la chiamata. Tuttavia, i dati di connessione vengono memorizzati dal nostro elaboratore per motivi di sicurezza. La durata del trattamento a fini di sicurezza \u00e8 variabile e termina quando le misure di sicurezza diventano necessarie. Inoltre, il nostro elaboratore anonimizza i dati raccolti subito dopo la raccolta e ci fornisce i dati anonimi sotto forma di statistiche per la valutazione. Utilizziamo queste statistiche per la risoluzione dei problemi e per l&#8217;ulteriore sviluppo del nostro sito web.<\/p>\n<p>La base giuridica del trattamento dei dati \u00e8 l&#8217;assoluta necessit\u00e0 tecnica per la fornitura e l&#8217;erogazione del servizio &#8220;sito web&#8221; da voi espressamente richiesto richiamandolo ai sensi del \u00a7 165 para. 3 TKG 2021.<\/p>\n<h2>FILE DI LOG DEL SERVER<\/h2>\n<p>I dati di connessione vengono elaborati allo scopo di monitorare il funzionamento tecnico e aumentare la sicurezza operativa del nostro host web. La durata del trattamento \u00e8 limitata a 30 giorni.<\/p>\n<p>La base giuridica del trattamento dei dati \u00e8 l&#8217;assoluta necessit\u00e0 tecnica di un file di log del server come banca dati di base per l&#8217;analisi degli errori e per le misure di sicurezza nell&#8217;ambito del servizio &#8220;sito web&#8221; da voi espressamente richiesto ai sensi dell&#8217;art. 165 (1) GDPR. 3 TKG 2021.<\/p>\n<h2>WEBFONTS<\/h2>\n<h3>INTEGRAZIONE LOCALE DEI FONT<\/h3>\n<p>Utilizziamo font web. Li integriamo localmente nel nostro spazio web, in modo che non venga elaborato alcun dato personale.<\/p>\n<h2>MODULO DI CONTATTO<\/h2>\n<p>Potete contattarci direttamente tramite un modulo di contatto sul nostro sito web. Dopo l&#8217;invio del modulo di contatto, i dati personali inseriti dall&#8217;utente saranno trattati dal titolare del trattamento allo scopo di elaborare la sua richiesta sulla base del consenso dato dall&#8217;utente con l&#8217;invio del modulo ai sensi dell&#8217;art. 6 par. 1 lett. f GDPR. Art. 6 par. 1 lit. a GDPR fino alla revoca. Non esiste alcun obbligo legale o contrattuale di fornire dati personali. In caso contrario, non sar\u00e0 possibile inoltrare la richiesta e noi non saremo in grado di elaborarla.<\/p>\n<h3>DIRITTO DI OBIEZIONE<\/h3>\n<p>Se i vostri dati personali sono trattati sulla base di un interesse legittimo, avete il diritto di opporvi a questo trattamento. Se non sussistono motivi legittimi impellenti per il trattamento da parte nostra, il trattamento dei vostri dati sar\u00e0 interrotto sulla base di questa base giuridica. Avete inoltre il diritto di opporvi al trattamento dei vostri dati personali a fini di marketing diretto. Se vi opponete, i vostri dati personali non saranno pi\u00f9 trattati per finalit\u00e0 di marketing diretto. La legalit\u00e0 dei dati trattati prima dell&#8217;obiezione non \u00e8 pregiudicata dall&#8217;obiezione.<\/p>\n<h3>ALTRI DIRITTI DEGLI INTERESSATI<\/h3>\n<p>L&#8217;utente ha inoltre diritto all&#8217;informazione, alla correzione, alla cancellazione e alla limitazione del trattamento dei dati personali. Se la base giuridica per il trattamento dei vostri dati personali \u00e8 il vostro consenso o un contratto stipulato con voi, avete anche il diritto alla portabilit\u00e0 dei dati. Avete inoltre il diritto di presentare un reclamo all&#8217;autorit\u00e0 di vigilanza. Ulteriori informazioni sulle autorit\u00e0 di vigilanza dell&#8217;Unione Europea sono disponibili <a title=\"Autorit\u00e0 per la protezione dei dati\" href=\"https:\/\/ec.europa.eu\/justice\/article-29\/structure\/data-protection-authorities\/index_en.htm\">qui<\/a>.<\/p>\n","protected":false},"excerpt":{"rendered":"<p>INFORMAZIONI In questa pagina vi informiamo sul trattamento dei vostri dati personali. PI\u00d9 RESPONSABILE Siamo responsabili del trattamento dei vostri dati personali sul nostro sito web: Elisabeth Braun &#8211; Il mondo dell&#8217;arte di Elisasbeth Viale del Giubileo 12 4861 Sch\u00f6rfling Austria Telefono: +43 660 \/ 499 96 44 E-mail: office@elisabethworldofart.com STRUMENTO DI GESTIONE DEL CONSENSO LEGALWEB.IO Sul nostro sito web utilizziamo lo strumento di gestione del consenso di LEGALWEB.IO, legalweb GmbH, F\u00fcrbergstra\u00dfe 42a, 5020 Salisburgo, Austria. Questo strumento inserisce un cookie nel dispositivo finale dell&#8217;utente per memorizzare i servizi selezionati o meno. A questo cookie non viene assegnato un ID&#8230;<\/p>\n","protected":false},"author":2,"featured_media":0,"parent":0,"menu_order":0,"comment_status":"closed","ping_status":"closed","template":"","meta":{"footnotes":""},"class_list":["post-53772","page","type-page","status-publish","hentry"],"yoast_head":"<!-- This site is optimized with the Yoast SEO plugin v27.6 - https:\/\/yoast.com\/product\/yoast-seo-wordpress\/ -->\n<title>Protezione dei dati - Elisabeth Braun<\/title>\n<meta name=\"robots\" content=\"index, follow, max-snippet:-1, max-image-preview:large, max-video-preview:-1\" \/>\n<link rel=\"canonical\" href=\"https:\/\/www.elisabethworldofart.com\/it\/protezione-dei-dati\/\" \/>\n<meta property=\"og:locale\" content=\"it_IT\" \/>\n<meta property=\"og:type\" content=\"article\" \/>\n<meta property=\"og:title\" content=\"Protezione dei dati - Elisabeth Braun\" \/>\n<meta property=\"og:description\" content=\"INFORMAZIONI In questa pagina vi informiamo sul trattamento dei vostri dati personali. PI\u00d9 RESPONSABILE Siamo responsabili del trattamento dei vostri dati personali sul nostro sito web: Elisabeth Braun &#8211; Il mondo dell&#8217;arte di Elisasbeth Viale del Giubileo 12 4861 Sch\u00f6rfling Austria Telefono: +43 660 \/ 499 96 44 E-mail: office@elisabethworldofart.com STRUMENTO DI GESTIONE DEL CONSENSO LEGALWEB.IO Sul nostro sito web utilizziamo lo strumento di gestione del consenso di LEGALWEB.IO, legalweb GmbH, F\u00fcrbergstra\u00dfe 42a, 5020 Salisburgo, Austria. Questo strumento inserisce un cookie nel dispositivo finale dell&#8217;utente per memorizzare i servizi selezionati o meno. A questo cookie non viene assegnato un ID...\" \/>\n<meta property=\"og:url\" content=\"https:\/\/www.elisabethworldofart.com\/it\/protezione-dei-dati\/\" \/>\n<meta property=\"og:site_name\" content=\"Elisabeth Braun\" \/>\n<meta property=\"article:publisher\" content=\"https:\/\/www.facebook.com\/sissy.grun\" \/>\n<meta property=\"article:modified_time\" content=\"2024-05-08T12:40:02+00:00\" \/>\n<meta name=\"twitter:card\" content=\"summary_large_image\" \/>\n<meta name=\"twitter:label1\" content=\"Tempo di lettura stimato\" \/>\n\t<meta name=\"twitter:data1\" content=\"3 minuti\" \/>\n<script type=\"application\/ld+json\" class=\"yoast-schema-graph\">{\"@context\":\"https:\\\/\\\/schema.org\",\"@graph\":[{\"@type\":\"WebPage\",\"@id\":\"https:\\\/\\\/www.elisabethworldofart.com\\\/it\\\/protezione-dei-dati\\\/\",\"url\":\"https:\\\/\\\/www.elisabethworldofart.com\\\/it\\\/protezione-dei-dati\\\/\",\"name\":\"Protezione dei dati - Elisabeth Braun\",\"isPartOf\":{\"@id\":\"https:\\\/\\\/www.elisabethworldofart.com\\\/it\\\/#website\"},\"datePublished\":\"2023-10-24T08:52:50+00:00\",\"dateModified\":\"2024-05-08T12:40:02+00:00\",\"breadcrumb\":{\"@id\":\"https:\\\/\\\/www.elisabethworldofart.com\\\/it\\\/protezione-dei-dati\\\/#breadcrumb\"},\"inLanguage\":\"it-IT\",\"potentialAction\":[{\"@type\":\"ReadAction\",\"target\":[\"https:\\\/\\\/www.elisabethworldofart.com\\\/it\\\/protezione-dei-dati\\\/\"]}]},{\"@type\":\"BreadcrumbList\",\"@id\":\"https:\\\/\\\/www.elisabethworldofart.com\\\/it\\\/protezione-dei-dati\\\/#breadcrumb\",\"itemListElement\":[{\"@type\":\"ListItem\",\"position\":1,\"name\":\"Startseite\",\"item\":\"https:\\\/\\\/www.elisabethworldofart.com\\\/it\\\/casa\\\/\"},{\"@type\":\"ListItem\",\"position\":2,\"name\":\"Protezione dei dati\"}]},{\"@type\":\"WebSite\",\"@id\":\"https:\\\/\\\/www.elisabethworldofart.com\\\/it\\\/#website\",\"url\":\"https:\\\/\\\/www.elisabethworldofart.com\\\/it\\\/\",\"name\":\"Elisabeth Braun\",\"description\":\"ART &amp; more\",\"publisher\":{\"@id\":\"https:\\\/\\\/www.elisabethworldofart.com\\\/it\\\/#\\\/schema\\\/person\\\/a31f26f6405578faa582036423961e43\"},\"potentialAction\":[{\"@type\":\"SearchAction\",\"target\":{\"@type\":\"EntryPoint\",\"urlTemplate\":\"https:\\\/\\\/www.elisabethworldofart.com\\\/it\\\/?s={search_term_string}\"},\"query-input\":{\"@type\":\"PropertyValueSpecification\",\"valueRequired\":true,\"valueName\":\"search_term_string\"}}],\"inLanguage\":\"it-IT\"},{\"@type\":[\"Person\",\"Organization\"],\"@id\":\"https:\\\/\\\/www.elisabethworldofart.com\\\/it\\\/#\\\/schema\\\/person\\\/a31f26f6405578faa582036423961e43\",\"name\":\"Elisabeth Braun\",\"image\":{\"@type\":\"ImageObject\",\"inLanguage\":\"it-IT\",\"@id\":\"https:\\\/\\\/www.elisabethworldofart.com\\\/wp-content\\\/uploads\\\/2022\\\/12\\\/EBLogo588x190.png\",\"url\":\"https:\\\/\\\/www.elisabethworldofart.com\\\/wp-content\\\/uploads\\\/2022\\\/12\\\/EBLogo588x190.png\",\"contentUrl\":\"https:\\\/\\\/www.elisabethworldofart.com\\\/wp-content\\\/uploads\\\/2022\\\/12\\\/EBLogo588x190.png\",\"width\":588,\"height\":190,\"caption\":\"Elisabeth Braun\"},\"logo\":{\"@id\":\"https:\\\/\\\/www.elisabethworldofart.com\\\/wp-content\\\/uploads\\\/2022\\\/12\\\/EBLogo588x190.png\"},\"sameAs\":[\"https:\\\/\\\/www.elisabethworldofart.com\",\"https:\\\/\\\/www.facebook.com\\\/sissy.grun\"]}]}<\/script>\n<!-- \/ Yoast SEO plugin. -->","yoast_head_json":{"title":"Protezione dei dati - Elisabeth Braun","robots":{"index":"index","follow":"follow","max-snippet":"max-snippet:-1","max-image-preview":"max-image-preview:large","max-video-preview":"max-video-preview:-1"},"canonical":"https:\/\/www.elisabethworldofart.com\/it\/protezione-dei-dati\/","og_locale":"it_IT","og_type":"article","og_title":"Protezione dei dati - Elisabeth Braun","og_description":"INFORMAZIONI In questa pagina vi informiamo sul trattamento dei vostri dati personali. PI\u00d9 RESPONSABILE Siamo responsabili del trattamento dei vostri dati personali sul nostro sito web: Elisabeth Braun &#8211; Il mondo dell&#8217;arte di Elisasbeth Viale del Giubileo 12 4861 Sch\u00f6rfling Austria Telefono: +43 660 \/ 499 96 44 E-mail: office@elisabethworldofart.com STRUMENTO DI GESTIONE DEL CONSENSO LEGALWEB.IO Sul nostro sito web utilizziamo lo strumento di gestione del consenso di LEGALWEB.IO, legalweb GmbH, F\u00fcrbergstra\u00dfe 42a, 5020 Salisburgo, Austria. Questo strumento inserisce un cookie nel dispositivo finale dell&#8217;utente per memorizzare i servizi selezionati o meno. A questo cookie non viene assegnato un ID...","og_url":"https:\/\/www.elisabethworldofart.com\/it\/protezione-dei-dati\/","og_site_name":"Elisabeth Braun","article_publisher":"https:\/\/www.facebook.com\/sissy.grun","article_modified_time":"2024-05-08T12:40:02+00:00","twitter_card":"summary_large_image","twitter_misc":{"Tempo di lettura stimato":"3 minuti"},"schema":{"@context":"https:\/\/schema.org","@graph":[{"@type":"WebPage","@id":"https:\/\/www.elisabethworldofart.com\/it\/protezione-dei-dati\/","url":"https:\/\/www.elisabethworldofart.com\/it\/protezione-dei-dati\/","name":"Protezione dei dati - Elisabeth Braun","isPartOf":{"@id":"https:\/\/www.elisabethworldofart.com\/it\/#website"},"datePublished":"2023-10-24T08:52:50+00:00","dateModified":"2024-05-08T12:40:02+00:00","breadcrumb":{"@id":"https:\/\/www.elisabethworldofart.com\/it\/protezione-dei-dati\/#breadcrumb"},"inLanguage":"it-IT","potentialAction":[{"@type":"ReadAction","target":["https:\/\/www.elisabethworldofart.com\/it\/protezione-dei-dati\/"]}]},{"@type":"BreadcrumbList","@id":"https:\/\/www.elisabethworldofart.com\/it\/protezione-dei-dati\/#breadcrumb","itemListElement":[{"@type":"ListItem","position":1,"name":"Startseite","item":"https:\/\/www.elisabethworldofart.com\/it\/casa\/"},{"@type":"ListItem","position":2,"name":"Protezione dei dati"}]},{"@type":"WebSite","@id":"https:\/\/www.elisabethworldofart.com\/it\/#website","url":"https:\/\/www.elisabethworldofart.com\/it\/","name":"Elisabeth Braun","description":"ART &amp; more","publisher":{"@id":"https:\/\/www.elisabethworldofart.com\/it\/#\/schema\/person\/a31f26f6405578faa582036423961e43"},"potentialAction":[{"@type":"SearchAction","target":{"@type":"EntryPoint","urlTemplate":"https:\/\/www.elisabethworldofart.com\/it\/?s={search_term_string}"},"query-input":{"@type":"PropertyValueSpecification","valueRequired":true,"valueName":"search_term_string"}}],"inLanguage":"it-IT"},{"@type":["Person","Organization"],"@id":"https:\/\/www.elisabethworldofart.com\/it\/#\/schema\/person\/a31f26f6405578faa582036423961e43","name":"Elisabeth Braun","image":{"@type":"ImageObject","inLanguage":"it-IT","@id":"https:\/\/www.elisabethworldofart.com\/wp-content\/uploads\/2022\/12\/EBLogo588x190.png","url":"https:\/\/www.elisabethworldofart.com\/wp-content\/uploads\/2022\/12\/EBLogo588x190.png","contentUrl":"https:\/\/www.elisabethworldofart.com\/wp-content\/uploads\/2022\/12\/EBLogo588x190.png","width":588,"height":190,"caption":"Elisabeth Braun"},"logo":{"@id":"https:\/\/www.elisabethworldofart.com\/wp-content\/uploads\/2022\/12\/EBLogo588x190.png"},"sameAs":["https:\/\/www.elisabethworldofart.com","https:\/\/www.facebook.com\/sissy.grun"]}]}},"_links":{"self":[{"href":"https:\/\/www.elisabethworldofart.com\/it\/wp-json\/wp\/v2\/pages\/53772","targetHints":{"allow":["GET"]}}],"collection":[{"href":"https:\/\/www.elisabethworldofart.com\/it\/wp-json\/wp\/v2\/pages"}],"about":[{"href":"https:\/\/www.elisabethworldofart.com\/it\/wp-json\/wp\/v2\/types\/page"}],"author":[{"embeddable":true,"href":"https:\/\/www.elisabethworldofart.com\/it\/wp-json\/wp\/v2\/users\/2"}],"replies":[{"embeddable":true,"href":"https:\/\/www.elisabethworldofart.com\/it\/wp-json\/wp\/v2\/comments?post=53772"}],"version-history":[{"count":2,"href":"https:\/\/www.elisabethworldofart.com\/it\/wp-json\/wp\/v2\/pages\/53772\/revisions"}],"predecessor-version":[{"id":54835,"href":"https:\/\/www.elisabethworldofart.com\/it\/wp-json\/wp\/v2\/pages\/53772\/revisions\/54835"}],"wp:attachment":[{"href":"https:\/\/www.elisabethworldofart.com\/it\/wp-json\/wp\/v2\/media?parent=53772"}],"curies":[{"name":"wp","href":"https:\/\/api.w.org\/{rel}","templated":true}]}}