{"id":54224,"date":"2021-12-13T13:47:34","date_gmt":"2021-12-13T12:47:34","guid":{"rendered":"https:\/\/www.elisabethworldofart.com\/pedagogia-ludica\/"},"modified":"2024-04-11T13:29:11","modified_gmt":"2024-04-11T11:29:11","slug":"pedagogia-ludica","status":"publish","type":"page","link":"https:\/\/www.elisabethworldofart.com\/it\/pedagogia-ludica\/","title":{"rendered":"Pedagogia ludica"},"content":{"rendered":"<p>[vc_row row_type=&#8221;row&#8221; use_row_as_full_screen_section=&#8221;no&#8221; type=&#8221;full_width&#8221; oblique_section=&#8221;no&#8221; text_align=&#8221;left&#8221; triangle_shape=&#8221;no&#8221; css_animation=&#8221;&#8221; box_shadow_on_row=&#8221;no&#8221;][vc_column width=&#8221;1\/3&#8243;][\/vc_column][vc_column width=&#8221;1\/3&#8243;][vc_single_image image=&#8221;53816&#8243; img_size=&#8221;full&#8221; alignment=&#8221;center&#8221; edgt_css_animation=&#8221;&#8221;][\/vc_column][vc_column width=&#8221;1\/3&#8243;][\/vc_column][\/vc_row][vc_row row_type=&#8221;row&#8221; use_row_as_full_screen_section=&#8221;no&#8221; type=&#8221;full_width&#8221; oblique_section=&#8221;no&#8221; text_align=&#8221;left&#8221; triangle_shape=&#8221;no&#8221; css_animation=&#8221;&#8221; box_shadow_on_row=&#8221;no&#8221;][vc_column][vc_column_text css=&#8221;.vc_custom_1639401349678{padding-top: 20px !important;padding-bottom: 20px !important;}&#8221;]<\/p>\n<h4>Formazione ludico-didattica qualificata con gli animali EREL &#8211; Imparare con i cavalli<\/h4>\n<p><em>Imparare a giocare con i cavalli \u00e8 un&#8217;attivit\u00e0 educativa qualificata. Imparare con i cavalli<\/em>[\/vc_column_text][\/vc_column][\/vc_row][vc_row row_type=&#8221;row&#8221; use_row_as_full_screen_section=&#8221;no&#8221; type=&#8221;full_width&#8221; oblique_section=&#8221;no&#8221; text_align=&#8221;left&#8221; triangle_shape=&#8221;no&#8221; css_animation=&#8221;&#8221; box_shadow_on_row=&#8221;no&#8221;][vc_column width=&#8221;2\/3&#8243;][vc_column_text css=&#8221;.vc_custom_1639400463723{padding-top: 40px !important;padding-bottom: 20px !important;}&#8221;]<\/p>\n<h4>Formatore pedagogico di giochi<\/h4>\n<p>[\/vc_column_text][vc_column_text]Trascorrere tempo di qualit\u00e0 con il cavallo, acquisire esperienza e vivere momenti speciali.<\/p>\n<p>Cavallo di battaglia per dare potere ai bambini<\/p>\n<p>I bambini amano imparare!<br \/>\nSiamo autorizzati a sostenerli!<br \/>\nI nostri cavalli ci aiutano in questo!<\/p>\n<p>Nella natura con giochi, divertimento, esercizio e il cavallo co-trainer<br \/>\n&#8211; La gioia della scoperta, della sperimentazione e dello stupore<br \/>\n&#8211; La gioia dell&#8217;apprendimento naturale[\/vc_column_text][\/vc_column][vc_column width=&#8221;1\/3&#8243;][vc_single_image image=&#8221;50747&#8243; img_size=&#8221;medium&#8221; alignment=&#8221;right&#8221; edgt_css_animation=&#8221;&#8221;][\/vc_column][\/vc_row][vc_row row_type=&#8221;row&#8221; use_row_as_full_screen_section=&#8221;no&#8221; type=&#8221;full_width&#8221; oblique_section=&#8221;no&#8221; text_align=&#8221;left&#8221; triangle_shape=&#8221;no&#8221; padding_bottom=&#8221;20&#8243; css_animation=&#8221;&#8221; box_shadow_on_row=&#8221;no&#8221;][vc_column css=&#8221;.vc_custom_1644327318075{padding-bottom: 20px !important;}&#8221;][vc_column_text css=&#8221;.vc_custom_1639400412071{padding-top: 20px !important;padding-bottom: 20px !important;}&#8221;][\/vc_column_text][vc_column_text]<strong>I cavalli aiutano<\/strong><br \/>\n&#8211; Ridurre le paure<br \/>\n&#8211; Rafforzare la fiducia e il coraggio<br \/>\n&#8211; essere pi\u00f9 responsabili<br \/>\n&#8211; stabilire contatti socialiI<br \/>\n&#8211; Trascorrere pi\u00f9 tempo libero all&#8217;aria aperta, meno computer, TV e telefono cellulare.<br \/>\n&#8211; mentre assumono una posizione neutrale<br \/>\n&#8211; diventare sicuri e sentirsi al sicuro<br \/>\n&#8211; Incoraggiare la concentrazione: prendersi cura di se stessi, del cavallo e degli altri.<br \/>\n&#8211; per trasmettere pazienza e calma e quindi ridurre lo stress e con tanti altri argomenti[\/vc_column_text][\/vc_column][\/vc_row][vc_row row_type=&#8221;row&#8221; use_row_as_full_screen_section=&#8221;no&#8221; type=&#8221;full_width&#8221; oblique_section=&#8221;no&#8221; text_align=&#8221;left&#8221; triangle_shape=&#8221;no&#8221; padding_bottom=&#8221;20&#8243; css_animation=&#8221;&#8221; box_shadow_on_row=&#8221;no&#8221;][vc_column width=&#8221;1\/4&#8243;][vc_single_image image=&#8221;50860&#8243; onclick=&#8221;link_image&#8221; edgt_css_animation=&#8221;&#8221;][\/vc_column][vc_column width=&#8221;1\/4&#8243;][vc_single_image image=&#8221;50861&#8243; onclick=&#8221;link_image&#8221; edgt_css_animation=&#8221;&#8221;][\/vc_column][vc_column width=&#8221;1\/4&#8243;][vc_single_image image=&#8221;50859&#8243; onclick=&#8221;link_image&#8221; edgt_css_animation=&#8221;&#8221;][\/vc_column][vc_column width=&#8221;1\/4&#8243;][\/vc_column][\/vc_row][vc_row row_type=&#8221;row&#8221; use_row_as_full_screen_section=&#8221;no&#8221; type=&#8221;full_width&#8221; oblique_section=&#8221;no&#8221; text_align=&#8221;left&#8221; triangle_shape=&#8221;no&#8221; css_animation=&#8221;&#8221; box_shadow_on_row=&#8221;no&#8221;][vc_column css=&#8221;.vc_custom_1644327170515{padding-top: 20px !important;}&#8221;]<blockquote class='blockquote_shortcode with_quote_icon' style=''><span style=\"\" class=\"icon_quotations_holder\">\u201d<\/span><h4 class='blockquote_text' ><span>Imparare \u00e8 importante! Voglio rendere l&#039;apprendimento e la vita un po&#039; pi\u00f9 facile per i bambini.<\/span><\/h4><\/blockquote>[\/vc_column][\/vc_row][vc_row row_type=&#8221;row&#8221; use_row_as_full_screen_section=&#8221;no&#8221; type=&#8221;full_width&#8221; oblique_section=&#8221;no&#8221; text_align=&#8221;left&#8221; triangle_shape=&#8221;no&#8221; padding_top=&#8221;20&#8243; css_animation=&#8221;&#8221; box_shadow_on_row=&#8221;no&#8221;][vc_column width=&#8221;1\/2&#8243;][vc_column_text]Il gioco e l&#8217;apprendimento con i cavalli sono semplicemente divertenti e aiutano i bambini a sviluppare le loro capacit\u00e0 fisiche, mentali e spirituali. Le capacit\u00e0 motorie, la motricit\u00e0 fine, la coordinazione, l&#8217;equilibrio e molto altro ancora possono essere migliorate con esercizi e giochi di abilit\u00e0. Lettura, scrittura, aritmetica, canto, rima, ecc. senza banco, ma in compagnia degli animali! I giochi di apprendimento vengono utilizzati per ripetere e consolidare il materiale didattico.[\/vc_column_text][\/vc_column][vc_column width=&#8221;1\/2&#8243;][vc_column_text]Pu\u00f2 essere visto come un programma di accompagnamento nella scuola materna e nella scuola. Pu\u00f2 anche supportare le sessioni di logopedia, terapia occupazionale o psicoterapia gi\u00e0 iniziate. Il mio lavoro deve essere visto come una formazione e non come una misura terapeutica e non pu\u00f2 sostituirla![\/vc_column_text][\/vc_column][\/vc_row][vc_row row_type=&#8221;row&#8221; use_row_as_full_screen_section=&#8221;no&#8221; type=&#8221;full_width&#8221; oblique_section=&#8221;no&#8221; text_align=&#8221;left&#8221; triangle_shape=&#8221;no&#8221; css_animation=&#8221;&#8221; box_shadow_on_row=&#8221;no&#8221;][vc_column width=&#8221;2\/3&#8243;][vc_single_image image=&#8221;50776&#8243; img_size=&#8221;full&#8221; edgt_css_animation=&#8221;&#8221; css=&#8221;.vc_custom_1639402167793{padding-top: 40px !important;}&#8221;][\/vc_column][vc_column width=&#8221;1\/3&#8243;][vc_column_text css=&#8221;.vc_custom_1639402124819{padding-top: 40px !important;padding-bottom: 20px !important;}&#8221;]<\/p>\n<h4 style=\"text-align: left;\">Manolito<\/h4>\n<p>[\/vc_column_text][vc_column_text]<\/p>\n<p style=\"text-align: left;\">orsacchiotto affettuoso<br \/>\nDelizia grandi e piccini<br \/>\nbonario<br \/>\nper divertirsi con tutti<br \/>\n<strong>Manolito vi ringrazia per l&#8217;attenzione!<\/strong><\/p>\n<p>[\/vc_column_text][vc_single_image image=&#8221;50783&#8243; img_size=&#8221;medium&#8221; edgt_css_animation=&#8221;&#8221; css=&#8221;.vc_custom_1643705436714{padding-top: 25px !important;}&#8221;][\/vc_column][\/vc_row][vc_row row_type=&#8221;row&#8221; use_row_as_full_screen_section=&#8221;no&#8221; type=&#8221;full_width&#8221; oblique_section=&#8221;no&#8221; text_align=&#8221;left&#8221; triangle_shape=&#8221;no&#8221; css_animation=&#8221;&#8221; box_shadow_on_row=&#8221;no&#8221;][vc_column][vc_column_text css=&#8221;.vc_custom_1646384919044{padding-top: 20px !important;padding-bottom: 20px !important;}&#8221;]<\/p>\n<h4 style=\"text-align: center;\">Attualmente non viene offerto.<\/h4>\n<h4 style=\"text-align: center;\">Vi far\u00f2 sapere qui sul sito non appena inizier\u00e0.<\/h4>\n<p>[\/vc_column_text][\/vc_column][\/vc_row]<\/p>\n","protected":false},"excerpt":{"rendered":"<p>[vc_row row_type=&#8221;row&#8221; use_row_as_full_screen_section=&#8221;no&#8221; type=&#8221;full_width&#8221; oblique_section=&#8221;no&#8221; text_align=&#8221;left&#8221; triangle_shape=&#8221;no&#8221; css_animation=&#8221;&#8221; box_shadow_on_row=&#8221;no&#8221;][vc_column width=&#8221;1\/3&#8243;][\/vc_column][vc_column width=&#8221;1\/3&#8243;][vc_single_image image=&#8221;53816&#8243; img_size=&#8221;full&#8221; alignment=&#8221;center&#8221; edgt_css_animation=&#8221;&#8221;][\/vc_column][vc_column width=&#8221;1\/3&#8243;][\/vc_column][\/vc_row][vc_row row_type=&#8221;row&#8221; use_row_as_full_screen_section=&#8221;no&#8221; type=&#8221;full_width&#8221; oblique_section=&#8221;no&#8221; text_align=&#8221;left&#8221; triangle_shape=&#8221;no&#8221; css_animation=&#8221;&#8221; box_shadow_on_row=&#8221;no&#8221;][vc_column][vc_column_text css=&#8221;.vc_custom_1639401349678{padding-top: 20px !important;padding-bottom: 20px !important;}&#8221;] Formazione ludico-didattica qualificata con gli animali EREL &#8211; Imparare con i cavalli Imparare a giocare con i cavalli \u00e8 un&#8217;attivit\u00e0 educativa qualificata. Imparare con i cavalli[\/vc_column_text][\/vc_column][\/vc_row][vc_row row_type=&#8221;row&#8221; use_row_as_full_screen_section=&#8221;no&#8221; type=&#8221;full_width&#8221; oblique_section=&#8221;no&#8221; text_align=&#8221;left&#8221; triangle_shape=&#8221;no&#8221; css_animation=&#8221;&#8221; box_shadow_on_row=&#8221;no&#8221;][vc_column width=&#8221;2\/3&#8243;][vc_column_text css=&#8221;.vc_custom_1639400463723{padding-top: 40px !important;padding-bottom: 20px !important;}&#8221;] Formatore pedagogico di giochi [\/vc_column_text][vc_column_text]Trascorrere tempo di qualit\u00e0 con il cavallo, acquisire esperienza e vivere momenti speciali. Cavallo di battaglia per dare potere ai bambini I bambini amano imparare! Siamo autorizzati&#8230;<\/p>\n","protected":false},"author":1,"featured_media":0,"parent":0,"menu_order":0,"comment_status":"closed","ping_status":"closed","template":"","meta":{"footnotes":""},"class_list":["post-54224","page","type-page","status-publish","hentry"],"yoast_head":"<!-- This site is optimized with the Yoast SEO plugin v27.6 - https:\/\/yoast.com\/product\/yoast-seo-wordpress\/ -->\n<title>Pedagogia ludica - Elisabeth Braun<\/title>\n<meta name=\"robots\" content=\"index, follow, max-snippet:-1, max-image-preview:large, max-video-preview:-1\" \/>\n<link rel=\"canonical\" href=\"https:\/\/www.elisabethworldofart.com\/it\/pedagogia-ludica\/\" \/>\n<meta property=\"og:locale\" content=\"it_IT\" \/>\n<meta property=\"og:type\" content=\"article\" \/>\n<meta property=\"og:title\" content=\"Pedagogia ludica - Elisabeth Braun\" \/>\n<meta property=\"og:description\" content=\"[vc_row row_type=&#8221;row&#8221; use_row_as_full_screen_section=&#8221;no&#8221; type=&#8221;full_width&#8221; oblique_section=&#8221;no&#8221; text_align=&#8221;left&#8221; triangle_shape=&#8221;no&#8221; css_animation=&#8221;&#8221; box_shadow_on_row=&#8221;no&#8221;][vc_column width=&#8221;1\/3&#8243;][\/vc_column][vc_column width=&#8221;1\/3&#8243;][vc_single_image image=&#8221;53816&#8243; img_size=&#8221;full&#8221; alignment=&#8221;center&#8221; edgt_css_animation=&#8221;&#8221;][\/vc_column][vc_column width=&#8221;1\/3&#8243;][\/vc_column][\/vc_row][vc_row row_type=&#8221;row&#8221; use_row_as_full_screen_section=&#8221;no&#8221; type=&#8221;full_width&#8221; oblique_section=&#8221;no&#8221; text_align=&#8221;left&#8221; triangle_shape=&#8221;no&#8221; css_animation=&#8221;&#8221; box_shadow_on_row=&#8221;no&#8221;][vc_column][vc_column_text css=&#8221;.vc_custom_1639401349678{padding-top: 20px !important;padding-bottom: 20px !important;}&#8221;] Formazione ludico-didattica qualificata con gli animali EREL &#8211; Imparare con i cavalli Imparare a giocare con i cavalli \u00e8 un&#8217;attivit\u00e0 educativa qualificata. Imparare con i cavalli[\/vc_column_text][\/vc_column][\/vc_row][vc_row row_type=&#8221;row&#8221; use_row_as_full_screen_section=&#8221;no&#8221; type=&#8221;full_width&#8221; oblique_section=&#8221;no&#8221; text_align=&#8221;left&#8221; triangle_shape=&#8221;no&#8221; css_animation=&#8221;&#8221; box_shadow_on_row=&#8221;no&#8221;][vc_column width=&#8221;2\/3&#8243;][vc_column_text css=&#8221;.vc_custom_1639400463723{padding-top: 40px !important;padding-bottom: 20px !important;}&#8221;] Formatore pedagogico di giochi [\/vc_column_text][vc_column_text]Trascorrere tempo di qualit\u00e0 con il cavallo, acquisire esperienza e vivere momenti speciali. Cavallo di battaglia per dare potere ai bambini I bambini amano imparare! Siamo autorizzati...\" \/>\n<meta property=\"og:url\" content=\"https:\/\/www.elisabethworldofart.com\/it\/pedagogia-ludica\/\" \/>\n<meta property=\"og:site_name\" content=\"Elisabeth Braun\" \/>\n<meta property=\"article:publisher\" content=\"https:\/\/www.facebook.com\/sissy.grun\" \/>\n<meta property=\"article:modified_time\" content=\"2024-04-11T11:29:11+00:00\" \/>\n<meta name=\"twitter:card\" content=\"summary_large_image\" \/>\n<meta name=\"twitter:label1\" content=\"Tempo di lettura stimato\" \/>\n\t<meta name=\"twitter:data1\" content=\"5 minuti\" \/>\n<script type=\"application\/ld+json\" class=\"yoast-schema-graph\">{\"@context\":\"https:\\\/\\\/schema.org\",\"@graph\":[{\"@type\":\"WebPage\",\"@id\":\"https:\\\/\\\/www.elisabethworldofart.com\\\/it\\\/pedagogia-ludica\\\/\",\"url\":\"https:\\\/\\\/www.elisabethworldofart.com\\\/it\\\/pedagogia-ludica\\\/\",\"name\":\"Pedagogia ludica - Elisabeth Braun\",\"isPartOf\":{\"@id\":\"https:\\\/\\\/www.elisabethworldofart.com\\\/it\\\/#website\"},\"datePublished\":\"2021-12-13T12:47:34+00:00\",\"dateModified\":\"2024-04-11T11:29:11+00:00\",\"breadcrumb\":{\"@id\":\"https:\\\/\\\/www.elisabethworldofart.com\\\/it\\\/pedagogia-ludica\\\/#breadcrumb\"},\"inLanguage\":\"it-IT\",\"potentialAction\":[{\"@type\":\"ReadAction\",\"target\":[\"https:\\\/\\\/www.elisabethworldofart.com\\\/it\\\/pedagogia-ludica\\\/\"]}]},{\"@type\":\"BreadcrumbList\",\"@id\":\"https:\\\/\\\/www.elisabethworldofart.com\\\/it\\\/pedagogia-ludica\\\/#breadcrumb\",\"itemListElement\":[{\"@type\":\"ListItem\",\"position\":1,\"name\":\"Startseite\",\"item\":\"https:\\\/\\\/www.elisabethworldofart.com\\\/it\\\/casa\\\/\"},{\"@type\":\"ListItem\",\"position\":2,\"name\":\"Pedagogia ludica\"}]},{\"@type\":\"WebSite\",\"@id\":\"https:\\\/\\\/www.elisabethworldofart.com\\\/it\\\/#website\",\"url\":\"https:\\\/\\\/www.elisabethworldofart.com\\\/it\\\/\",\"name\":\"Elisabeth Braun\",\"description\":\"ART &amp; more\",\"publisher\":{\"@id\":\"https:\\\/\\\/www.elisabethworldofart.com\\\/it\\\/#\\\/schema\\\/person\\\/a31f26f6405578faa582036423961e43\"},\"potentialAction\":[{\"@type\":\"SearchAction\",\"target\":{\"@type\":\"EntryPoint\",\"urlTemplate\":\"https:\\\/\\\/www.elisabethworldofart.com\\\/it\\\/?s={search_term_string}\"},\"query-input\":{\"@type\":\"PropertyValueSpecification\",\"valueRequired\":true,\"valueName\":\"search_term_string\"}}],\"inLanguage\":\"it-IT\"},{\"@type\":[\"Person\",\"Organization\"],\"@id\":\"https:\\\/\\\/www.elisabethworldofart.com\\\/it\\\/#\\\/schema\\\/person\\\/a31f26f6405578faa582036423961e43\",\"name\":\"Elisabeth Braun\",\"image\":{\"@type\":\"ImageObject\",\"inLanguage\":\"it-IT\",\"@id\":\"https:\\\/\\\/www.elisabethworldofart.com\\\/wp-content\\\/uploads\\\/2022\\\/12\\\/EBLogo588x190.png\",\"url\":\"https:\\\/\\\/www.elisabethworldofart.com\\\/wp-content\\\/uploads\\\/2022\\\/12\\\/EBLogo588x190.png\",\"contentUrl\":\"https:\\\/\\\/www.elisabethworldofart.com\\\/wp-content\\\/uploads\\\/2022\\\/12\\\/EBLogo588x190.png\",\"width\":588,\"height\":190,\"caption\":\"Elisabeth Braun\"},\"logo\":{\"@id\":\"https:\\\/\\\/www.elisabethworldofart.com\\\/wp-content\\\/uploads\\\/2022\\\/12\\\/EBLogo588x190.png\"},\"sameAs\":[\"https:\\\/\\\/www.elisabethworldofart.com\",\"https:\\\/\\\/www.facebook.com\\\/sissy.grun\"]}]}<\/script>\n<!-- \/ Yoast SEO plugin. -->","yoast_head_json":{"title":"Pedagogia ludica - Elisabeth Braun","robots":{"index":"index","follow":"follow","max-snippet":"max-snippet:-1","max-image-preview":"max-image-preview:large","max-video-preview":"max-video-preview:-1"},"canonical":"https:\/\/www.elisabethworldofart.com\/it\/pedagogia-ludica\/","og_locale":"it_IT","og_type":"article","og_title":"Pedagogia ludica - Elisabeth Braun","og_description":"[vc_row row_type=&#8221;row&#8221; use_row_as_full_screen_section=&#8221;no&#8221; type=&#8221;full_width&#8221; oblique_section=&#8221;no&#8221; text_align=&#8221;left&#8221; triangle_shape=&#8221;no&#8221; css_animation=&#8221;&#8221; box_shadow_on_row=&#8221;no&#8221;][vc_column width=&#8221;1\/3&#8243;][\/vc_column][vc_column width=&#8221;1\/3&#8243;][vc_single_image image=&#8221;53816&#8243; img_size=&#8221;full&#8221; alignment=&#8221;center&#8221; edgt_css_animation=&#8221;&#8221;][\/vc_column][vc_column width=&#8221;1\/3&#8243;][\/vc_column][\/vc_row][vc_row row_type=&#8221;row&#8221; use_row_as_full_screen_section=&#8221;no&#8221; type=&#8221;full_width&#8221; oblique_section=&#8221;no&#8221; text_align=&#8221;left&#8221; triangle_shape=&#8221;no&#8221; css_animation=&#8221;&#8221; box_shadow_on_row=&#8221;no&#8221;][vc_column][vc_column_text css=&#8221;.vc_custom_1639401349678{padding-top: 20px !important;padding-bottom: 20px !important;}&#8221;] Formazione ludico-didattica qualificata con gli animali EREL &#8211; Imparare con i cavalli Imparare a giocare con i cavalli \u00e8 un&#8217;attivit\u00e0 educativa qualificata. Imparare con i cavalli[\/vc_column_text][\/vc_column][\/vc_row][vc_row row_type=&#8221;row&#8221; use_row_as_full_screen_section=&#8221;no&#8221; type=&#8221;full_width&#8221; oblique_section=&#8221;no&#8221; text_align=&#8221;left&#8221; triangle_shape=&#8221;no&#8221; css_animation=&#8221;&#8221; box_shadow_on_row=&#8221;no&#8221;][vc_column width=&#8221;2\/3&#8243;][vc_column_text css=&#8221;.vc_custom_1639400463723{padding-top: 40px !important;padding-bottom: 20px !important;}&#8221;] Formatore pedagogico di giochi [\/vc_column_text][vc_column_text]Trascorrere tempo di qualit\u00e0 con il cavallo, acquisire esperienza e vivere momenti speciali. Cavallo di battaglia per dare potere ai bambini I bambini amano imparare! Siamo autorizzati...","og_url":"https:\/\/www.elisabethworldofart.com\/it\/pedagogia-ludica\/","og_site_name":"Elisabeth Braun","article_publisher":"https:\/\/www.facebook.com\/sissy.grun","article_modified_time":"2024-04-11T11:29:11+00:00","twitter_card":"summary_large_image","twitter_misc":{"Tempo di lettura stimato":"5 minuti"},"schema":{"@context":"https:\/\/schema.org","@graph":[{"@type":"WebPage","@id":"https:\/\/www.elisabethworldofart.com\/it\/pedagogia-ludica\/","url":"https:\/\/www.elisabethworldofart.com\/it\/pedagogia-ludica\/","name":"Pedagogia ludica - Elisabeth Braun","isPartOf":{"@id":"https:\/\/www.elisabethworldofart.com\/it\/#website"},"datePublished":"2021-12-13T12:47:34+00:00","dateModified":"2024-04-11T11:29:11+00:00","breadcrumb":{"@id":"https:\/\/www.elisabethworldofart.com\/it\/pedagogia-ludica\/#breadcrumb"},"inLanguage":"it-IT","potentialAction":[{"@type":"ReadAction","target":["https:\/\/www.elisabethworldofart.com\/it\/pedagogia-ludica\/"]}]},{"@type":"BreadcrumbList","@id":"https:\/\/www.elisabethworldofart.com\/it\/pedagogia-ludica\/#breadcrumb","itemListElement":[{"@type":"ListItem","position":1,"name":"Startseite","item":"https:\/\/www.elisabethworldofart.com\/it\/casa\/"},{"@type":"ListItem","position":2,"name":"Pedagogia ludica"}]},{"@type":"WebSite","@id":"https:\/\/www.elisabethworldofart.com\/it\/#website","url":"https:\/\/www.elisabethworldofart.com\/it\/","name":"Elisabeth Braun","description":"ART &amp; more","publisher":{"@id":"https:\/\/www.elisabethworldofart.com\/it\/#\/schema\/person\/a31f26f6405578faa582036423961e43"},"potentialAction":[{"@type":"SearchAction","target":{"@type":"EntryPoint","urlTemplate":"https:\/\/www.elisabethworldofart.com\/it\/?s={search_term_string}"},"query-input":{"@type":"PropertyValueSpecification","valueRequired":true,"valueName":"search_term_string"}}],"inLanguage":"it-IT"},{"@type":["Person","Organization"],"@id":"https:\/\/www.elisabethworldofart.com\/it\/#\/schema\/person\/a31f26f6405578faa582036423961e43","name":"Elisabeth Braun","image":{"@type":"ImageObject","inLanguage":"it-IT","@id":"https:\/\/www.elisabethworldofart.com\/wp-content\/uploads\/2022\/12\/EBLogo588x190.png","url":"https:\/\/www.elisabethworldofart.com\/wp-content\/uploads\/2022\/12\/EBLogo588x190.png","contentUrl":"https:\/\/www.elisabethworldofart.com\/wp-content\/uploads\/2022\/12\/EBLogo588x190.png","width":588,"height":190,"caption":"Elisabeth Braun"},"logo":{"@id":"https:\/\/www.elisabethworldofart.com\/wp-content\/uploads\/2022\/12\/EBLogo588x190.png"},"sameAs":["https:\/\/www.elisabethworldofart.com","https:\/\/www.facebook.com\/sissy.grun"]}]}},"_links":{"self":[{"href":"https:\/\/www.elisabethworldofart.com\/it\/wp-json\/wp\/v2\/pages\/54224","targetHints":{"allow":["GET"]}}],"collection":[{"href":"https:\/\/www.elisabethworldofart.com\/it\/wp-json\/wp\/v2\/pages"}],"about":[{"href":"https:\/\/www.elisabethworldofart.com\/it\/wp-json\/wp\/v2\/types\/page"}],"author":[{"embeddable":true,"href":"https:\/\/www.elisabethworldofart.com\/it\/wp-json\/wp\/v2\/users\/1"}],"replies":[{"embeddable":true,"href":"https:\/\/www.elisabethworldofart.com\/it\/wp-json\/wp\/v2\/comments?post=54224"}],"version-history":[{"count":5,"href":"https:\/\/www.elisabethworldofart.com\/it\/wp-json\/wp\/v2\/pages\/54224\/revisions"}],"predecessor-version":[{"id":54241,"href":"https:\/\/www.elisabethworldofart.com\/it\/wp-json\/wp\/v2\/pages\/54224\/revisions\/54241"}],"wp:attachment":[{"href":"https:\/\/www.elisabethworldofart.com\/it\/wp-json\/wp\/v2\/media?parent=54224"}],"curies":[{"name":"wp","href":"https:\/\/api.w.org\/{rel}","templated":true}]}}